{"id":1434,"date":"2025-11-19T17:44:22","date_gmt":"2025-11-19T16:44:22","guid":{"rendered":"https:\/\/veteovet.ch\/?page_id=1434"},"modified":"2026-02-26T23:18:09","modified_gmt":"2026-02-26T22:18:09","slug":"clinic-values","status":"publish","type":"page","link":"https:\/\/veteovet.ch\/en\/cabinet-valeurs\/","title":{"rendered":"The clinic and our values"},"content":{"rendered":"<div data-elementor-type=\"wp-page\" data-elementor-id=\"1434\" class=\"elementor elementor-1434\" data-elementor-post-type=\"page\">\n\t\t\t\t<div class=\"elementor-element elementor-element-7622833 e-flex e-con-boxed e-con e-parent\" data-id=\"7622833\" data-element_type=\"container\" data-e-type=\"container\">\n\t\t\t\t\t<div class=\"e-con-inner\">\n\t\t\t\t<div class=\"elementor-element elementor-element-a3d85c4 elementor-widget elementor-widget-spacer\" data-id=\"a3d85c4\" data-element_type=\"widget\" data-e-type=\"widget\" data-widget_type=\"spacer.default\">\n\t\t\t\t\t\t\t<div class=\"elementor-spacer\">\n\t\t\t<div class=\"elementor-spacer-inner\"><\/div>\n\t\t<\/div>\n\t\t\t\t\t\t<\/div>\n\t\t<div class=\"elementor-element elementor-element-79938e9 e-con-full e-flex e-con e-child\" data-id=\"79938e9\" data-element_type=\"container\" data-e-type=\"container\">\n\t\t\t\t<div class=\"elementor-element elementor-element-d0734d4 elementor-widget elementor-widget-heading\" data-id=\"d0734d4\" data-element_type=\"widget\" data-e-type=\"widget\" data-widget_type=\"heading.default\">\n\t\t\t\t\t<h1 class=\"elementor-heading-title elementor-size-default\">The clinic and our values<\/h1>\t\t\t\t<\/div>\n\t\t\t\t<\/div>\n\t\t<div class=\"elementor-element elementor-element-f16c19d e-con-full e-flex e-con e-child\" data-id=\"f16c19d\" data-element_type=\"container\" data-e-type=\"container\">\n\t\t<div class=\"elementor-element elementor-element-f30b8ed e-con-full e-flex e-con e-child\" data-id=\"f30b8ed\" data-element_type=\"container\" data-e-type=\"container\">\n\t\t\t\t<div class=\"elementor-element elementor-element-8fe5eab elementor-widget elementor-widget-heading\" data-id=\"8fe5eab\" data-element_type=\"widget\" data-e-type=\"widget\" data-widget_type=\"heading.default\">\n\t\t\t\t\t<h2 class=\"elementor-heading-title elementor-size-default\">A place steeped in history and emotion<\/h2>\t\t\t\t<\/div>\n\t\t\t\t<\/div>\n\t\t<div class=\"elementor-element elementor-element-7eb4437 e-con-full e-flex e-con e-child\" data-id=\"7eb4437\" data-element_type=\"container\" data-e-type=\"container\">\n\t\t<div class=\"elementor-element elementor-element-19c5ebd e-con-full e-flex e-con e-child\" data-id=\"19c5ebd\" data-element_type=\"container\" data-e-type=\"container\">\n\t\t\t\t<div class=\"elementor-element elementor-element-4a12a63 elementor-widget elementor-widget-text-editor\" data-id=\"4a12a63\" data-element_type=\"widget\" data-e-type=\"widget\" data-widget_type=\"text-editor.default\">\n\t\t\t\t\t\t\t\t\t<p class=\"translation-block\">The practice is located in an <strong>emblematic<\/strong> building in Territet-Montreux.<\/p><p class=\"translation-block\">It was here that <strong>Claude Nobs<\/strong>, founder of the <strong>Montreux Jazz Festival<\/strong>, was born. In <strong>1967<\/strong>, he established the Festival's first permanent base here.<\/p><p class=\"translation-block\">The premises later housed the <strong>Festival's audiovisual archives<\/strong>, now inscribed on the <strong>UNESCO<\/strong> \"Memory of the World\" Register.<\/p><p class=\"translation-block\">More recently, the premises were home to <strong>Territet &amp; Co<\/strong>: an open, eco-conscious and spontaneous space where people would gather for a drink, exchange ideas, improvise... A place deeply human and firmly rooted in the life of Territet.<\/p><p class=\"translation-block\">These walls have always been a place of <strong>encounter<\/strong>, <strong>culture<\/strong> and <strong>transmission<\/strong>.<\/p>\t\t\t\t\t\t\t\t<\/div>\n\t\t\t\t<div class=\"elementor-element elementor-element-60b9dc3 elementor-widget elementor-widget-text-editor\" data-id=\"60b9dc3\" data-element_type=\"widget\" data-e-type=\"widget\" data-widget_type=\"text-editor.default\">\n\t\t\t\t\t\t\t\t\t<p class=\"translation-block\">I wanted to <strong>honour this spirit<\/strong>: a <strong>warm<\/strong>, <strong>vibrant<\/strong> atmosphere, deeply rooted in the history of the <strong>Riviera<\/strong>.<\/p><p class=\"translation-block\">Today, this space welcomes your companions into a <strong>gentle<\/strong> and <strong>calming<\/strong> environment, designed to <strong>reduce stress<\/strong>.<\/p><p class=\"translation-block\">The practice is fully equipped with <strong>high-end medical equipment<\/strong>: <a href=\"https:\/\/veteovet.ch\/en\/services\/medical-imaging\/\" target=\"_self\">medical imaging<\/a>, <a href=\"https:\/\/veteovet.ch\/en\/services\/dentistry\/\" target=\"_self\">dentistry<\/a>, <a href=\"https:\/\/veteovet.ch\/en\/services\/laboratory\/\" target=\"_self\">in-house laboratory<\/a>, <a href=\"https:\/\/veteovet.ch\/en\/services\/anesthesia\/\" target=\"_self\">anaesthesia<\/a>, <a href=\"https:\/\/veteovet.ch\/en\/services\/hospitalisation\/\" target=\"_self\">cat-friendly hospitalisation<\/a>, and more.<\/p><p class=\"translation-block\">But beyond the technical aspects, <strong>what truly matters is the human element<\/strong>: providing the best possible care with <strong>professionalism<\/strong>, <strong>open dialogue<\/strong> and <strong>compassion<\/strong>.<\/p><p class=\"translation-block\">It is in this spirit that I chose, in my own way, to write a <strong>new chapter<\/strong> here.<\/p>\t\t\t\t\t\t\t\t<\/div>\n\t\t<div class=\"elementor-element elementor-element-44ea895 e-con-full e-flex e-con e-child\" data-id=\"44ea895\" data-element_type=\"container\" data-e-type=\"container\">\n\t\t\t\t<div class=\"elementor-element elementor-element-c26474a elementor-widget elementor-widget-button\" data-id=\"c26474a\" data-element_type=\"widget\" data-e-type=\"widget\" data-widget_type=\"button.default\">\n\t\t\t\t\t\t\t\t\t\t<a class=\"elementor-button elementor-button-link elementor-size-sm elementor-animation-grow\" href=\"https:\/\/veteovet.ch\/en\/services\/\">\n\t\t\t\t\t\t<span class=\"elementor-button-content-wrapper\">\n\t\t\t\t\t\t<span class=\"elementor-button-icon\">\n\t\t\t\t<i aria-hidden=\"true\" class=\"icon icon-syringe\"><\/i>\t\t\t<\/span>\n\t\t\t\t\t\t\t\t\t<span class=\"elementor-button-text\">See our services<\/span>\n\t\t\t\t\t<\/span>\n\t\t\t\t\t<\/a>\n\t\t\t\t\t\t\t\t<\/div>\n\t\t\t\t<div class=\"elementor-element elementor-element-8c4c4b8 elementor-widget elementor-widget-button\" data-id=\"8c4c4b8\" data-element_type=\"widget\" data-e-type=\"widget\" data-widget_type=\"button.default\">\n\t\t\t\t\t\t\t\t\t\t<a class=\"elementor-button elementor-button-link elementor-size-sm elementor-animation-grow\" href=\"https:\/\/veteovet.ch\/en\/team\/\">\n\t\t\t\t\t\t<span class=\"elementor-button-content-wrapper\">\n\t\t\t\t\t\t<span class=\"elementor-button-icon\">\n\t\t\t\t<svg aria-hidden=\"true\" class=\"e-font-icon-svg e-fas-male\" viewbox=\"0 0 192 512\" xmlns=\"http:\/\/www.w3.org\/2000\/svg\"><path d=\"M96 0c35.346 0 64 28.654 64 64s-28.654 64-64 64-64-28.654-64-64S60.654 0 96 0m48 144h-11.36c-22.711 10.443-49.59 10.894-73.28 0H48c-26.51 0-48 21.49-48 48v136c0 13.255 10.745 24 24 24h16v136c0 13.255 10.745 24 24 24h64c13.255 0 24-10.745 24-24V352h16c13.255 0 24-10.745 24-24V192c0-26.51-21.49-48-48-48z\"><\/path><\/svg>\t\t\t<\/span>\n\t\t\t\t\t\t\t\t\t<span class=\"elementor-button-text\">The V\u00e9t\u00e9o Team<\/span>\n\t\t\t\t\t<\/span>\n\t\t\t\t\t<\/a>\n\t\t\t\t\t\t\t\t<\/div>\n\t\t\t\t<\/div>\n\t\t\t\t<\/div>\n\t\t<div class=\"elementor-element elementor-element-17ad489 e-con-full e-flex e-con e-child\" data-id=\"17ad489\" data-element_type=\"container\" data-e-type=\"container\">\n\t\t<div class=\"elementor-element elementor-element-f47ab62 e-con-full e-flex e-con e-child\" data-id=\"f47ab62\" data-element_type=\"container\" data-e-type=\"container\" data-settings=\"{&quot;background_background&quot;:&quot;classic&quot;}\">\n\t\t\t\t<\/div>\n\t\t<div class=\"elementor-element elementor-element-4ebc6e5 e-con-full e-flex e-con e-child\" data-id=\"4ebc6e5\" data-element_type=\"container\" data-e-type=\"container\" data-settings=\"{&quot;background_background&quot;:&quot;classic&quot;}\">\n\t\t\t\t<\/div>\n\t\t\t\t<\/div>\n\t\t\t\t<\/div>\n\t\t\t\t<\/div>\n\t\t<div class=\"elementor-element elementor-element-4a97e6b e-con-full e-flex e-con e-child\" data-id=\"4a97e6b\" data-element_type=\"container\" data-e-type=\"container\" id=\"valeurs\">\n\t\t\t\t<div class=\"elementor-element elementor-element-3710681 elementor-blockquote--align-center elementor-blockquote--skin-border elementor-widget elementor-widget-blockquote\" data-id=\"3710681\" data-element_type=\"widget\" data-e-type=\"widget\" data-widget_type=\"blockquote.default\">\n\t\t\t\t\t\t\t<blockquote class=\"elementor-blockquote\">\n\t\t\t<p class=\"elementor-blockquote__content\">\n\t\t\t\t\u00abJazz and Veterinary Medicine share the art of controlled improvisation\u00bb\t\t\t<\/p>\n\t\t\t\t\t<\/blockquote>\n\t\t\t\t\t\t<\/div>\n\t\t\t\t<\/div>\n\t\t\t\t<div class=\"elementor-element elementor-element-6d62667 elementor-widget elementor-widget-heading\" data-id=\"6d62667\" data-element_type=\"widget\" data-e-type=\"widget\" data-widget_type=\"heading.default\">\n\t\t\t\t\t<h2 class=\"elementor-heading-title elementor-size-default\">Our values<\/h2>\t\t\t\t<\/div>\n\t\t<div class=\"elementor-element elementor-element-858e48c e-con-full e-flex e-con e-child\" data-id=\"858e48c\" data-element_type=\"container\" data-e-type=\"container\">\n\t\t<div class=\"elementor-element elementor-element-6e0c582 e-con-full elementor-hidden-tablet elementor-hidden-mobile e-flex e-con e-child\" data-id=\"6e0c582\" data-element_type=\"container\" data-e-type=\"container\" data-settings=\"{&quot;background_background&quot;:&quot;classic&quot;}\">\n\t\t\t\t<\/div>\n\t\t<div class=\"elementor-element elementor-element-31ead3b e-con-full e-flex e-con e-child\" data-id=\"31ead3b\" data-element_type=\"container\" data-e-type=\"container\">\n\t\t<div class=\"elementor-element elementor-element-0f9a1c8 e-con-full e-flex e-con e-child\" data-id=\"0f9a1c8\" data-element_type=\"container\" data-e-type=\"container\">\n\t\t\t\t<div class=\"elementor-element elementor-element-f1f9a7b elementor-widget elementor-widget-heading\" data-id=\"f1f9a7b\" data-element_type=\"widget\" data-e-type=\"widget\" data-widget_type=\"heading.default\">\n\t\t\t\t\t<h3 class=\"elementor-heading-title elementor-size-default\">Proximity, trust and transparency<\/h3>\t\t\t\t<\/div>\n\t\t\t\t<div class=\"elementor-element elementor-element-515d4d5 elementor-widget elementor-widget-text-editor\" data-id=\"515d4d5\" data-element_type=\"widget\" data-e-type=\"widget\" data-widget_type=\"text-editor.default\">\n\t\t\t\t\t\t\t\t\t<p class=\"translation-block\">I believe in a <strong>simple<\/strong>, <strong>clear<\/strong> and <strong>humane<\/strong> approach to veterinary medicine.<\/p><p>Each visit is a <strong>exchange<\/strong> The whole team takes the time to\u2019<strong>explain<\/strong> and <strong>to reassure<\/strong>.<\/p>\t\t\t\t\t\t\t\t<\/div>\n\t\t\t\t<\/div>\n\t\t<div class=\"elementor-element elementor-element-a0214ac e-con-full e-flex e-con e-child\" data-id=\"a0214ac\" data-element_type=\"container\" data-e-type=\"container\">\n\t\t\t\t<div class=\"elementor-element elementor-element-0b8ebe9 elementor-widget elementor-widget-heading\" data-id=\"0b8ebe9\" data-element_type=\"widget\" data-e-type=\"widget\" data-widget_type=\"heading.default\">\n\t\t\t\t\t<h3 class=\"elementor-heading-title elementor-size-default\">As little stress as possible<\/h3>\t\t\t\t<\/div>\n\t\t\t\t<div class=\"elementor-element elementor-element-b43bba3 elementor-widget elementor-widget-text-editor\" data-id=\"b43bba3\" data-element_type=\"widget\" data-e-type=\"widget\" data-widget_type=\"text-editor.default\">\n\t\t\t\t\t\t\t\t\t<p class=\"translation-block\">The <strong>welfare<\/strong> of animals lies at the heart of my approach.<\/p><p class=\"translation-block\">A calm atmosphere, gentle handling and thoughtfully designed spaces: everything is done to ensure your companion feels <strong>safe<\/strong>.<\/p>\t\t\t\t\t\t\t\t<\/div>\n\t\t\t\t<\/div>\n\t\t<div class=\"elementor-element elementor-element-dc1253b e-con-full e-flex e-con e-child\" data-id=\"dc1253b\" data-element_type=\"container\" data-e-type=\"container\">\n\t\t\t\t<div class=\"elementor-element elementor-element-ca26054 elementor-widget elementor-widget-heading\" data-id=\"ca26054\" data-element_type=\"widget\" data-e-type=\"widget\" data-widget_type=\"heading.default\">\n\t\t\t\t\t<h3 class=\"elementor-heading-title elementor-size-default\">Eco-responsibility &amp; reasoned medicine<\/h3>\t\t\t\t<\/div>\n\t\t\t\t<div class=\"elementor-element elementor-element-8246632 elementor-widget elementor-widget-text-editor\" data-id=\"8246632\" data-element_type=\"widget\" data-e-type=\"widget\" data-widget_type=\"text-editor.default\">\n\t\t\t\t\t\t\t\t\t<p class=\"translation-block\">In a context of <strong>climate crisis<\/strong> and <strong>biodiversity collapse<\/strong>, the veterinarian is an essential link in the health of all living beings.<\/p><p>We adopt a <strong>reasoned approach<\/strong>\u00a0:<\/p><ul><li>pest control plan tailored to actual needs<\/li><li>the most eco-responsible choices possible<\/li><li>priority to prevention<\/li><li class=\"translation-block\">transparency of treatments (<em>when available<\/em>)<\/li><\/ul>\t\t\t\t\t\t\t\t<\/div>\n\t\t\t\t<\/div>\n\t\t<div class=\"elementor-element elementor-element-95126a0 e-con-full e-flex e-con e-child\" data-id=\"95126a0\" data-element_type=\"container\" data-e-type=\"container\">\n\t\t\t\t<div class=\"elementor-element elementor-element-e968008 elementor-widget elementor-widget-heading\" data-id=\"e968008\" data-element_type=\"widget\" data-e-type=\"widget\" data-widget_type=\"heading.default\">\n\t\t\t\t\t<h3 class=\"elementor-heading-title elementor-size-default\">Independence<\/h3>\t\t\t\t<\/div>\n\t\t\t\t<div class=\"elementor-element elementor-element-ff40510 elementor-widget elementor-widget-text-editor\" data-id=\"ff40510\" data-element_type=\"widget\" data-e-type=\"widget\" data-widget_type=\"text-editor.default\">\n\t\t\t\t\t\t\t\t\t<p class=\"translation-block\">V\u00e9t\u00e9o is an <strong>independent<\/strong> clinic.<\/p><p>My medical decisions are guided by your animal, the context and the relevance of the treatment envisaged.<\/p>\t\t\t\t\t\t\t\t<\/div>\n\t\t\t\t<\/div>\n\t\t\t\t<\/div>\n\t\t<div class=\"elementor-element elementor-element-7843606 e-con-full elementor-hidden-tablet elementor-hidden-mobile e-flex e-con e-child\" data-id=\"7843606\" data-element_type=\"container\" data-e-type=\"container\" data-settings=\"{&quot;background_background&quot;:&quot;classic&quot;}\">\n\t\t\t\t<\/div>\n\t\t\t\t<\/div>\n\t\t<div class=\"elementor-element elementor-element-6b4159a e-con-full e-flex e-con e-child\" data-id=\"6b4159a\" data-element_type=\"container\" data-e-type=\"container\">\n\t\t<div class=\"elementor-element elementor-element-1ed0808 e-con-full e-flex e-con e-child\" data-id=\"1ed0808\" data-element_type=\"container\" data-e-type=\"container\">\n\t\t\t\t<div class=\"elementor-element elementor-element-87b604b elementor-widget elementor-widget-spacer\" data-id=\"87b604b\" data-element_type=\"widget\" data-e-type=\"widget\" data-widget_type=\"spacer.default\">\n\t\t\t\t\t\t\t<div class=\"elementor-spacer\">\n\t\t\t<div class=\"elementor-spacer-inner\"><\/div>\n\t\t<\/div>\n\t\t\t\t\t\t<\/div>\n\t\t\t\t<div class=\"elementor-element elementor-element-2032217 elementor-widget-divider--separator-type-pattern elementor-widget-divider--no-spacing elementor-widget-divider--view-line elementor-widget elementor-widget-divider\" data-id=\"2032217\" data-element_type=\"widget\" data-e-type=\"widget\" data-widget_type=\"divider.default\">\n\t\t\t\t\t\t\t<div class=\"elementor-divider\" style=\"--divider-pattern-url: url(&quot;data:image\/svg+xml,%3Csvg xmlns=&#039;http:\/\/www.w3.org\/2000\/svg&#039; preserveAspectRatio=&#039;xMidYMid meet&#039; overflow=&#039;visible&#039; height=&#039;100%&#039; viewBox=&#039;0 0 126 26&#039; fill=&#039;black&#039; stroke=&#039;none&#039;%3E%3Cpath d=&#039;M46.8,7.8v11.5L36,18.6V7.8H46.8z M82.4,7.8L84,18.6l-12,0.7L70.4,7.8H82.4z M0,7.8l12,0.9v9.9H1.3L0,7.8z M30,7.8v10.8H19L18,7.8H30z M63.7,7.8L66,18.6H54V9.5L63.7,7.8z M89.8,7L102,7.8v10.8H91.2L89.8,7zM108,7.8l12,0.9v8.9l-12,1V7.8z&#039;\/%3E%3C\/svg%3E&quot;);\">\n\t\t\t<span class=\"elementor-divider-separator\">\n\t\t\t\t\t\t<\/span>\n\t\t<\/div>\n\t\t\t\t\t\t<\/div>\n\t\t\t\t<\/div>\n\t\t<div class=\"elementor-element elementor-element-1fb99d5 e-con-full e-flex e-con e-child\" data-id=\"1fb99d5\" data-element_type=\"container\" data-e-type=\"container\">\n\t\t<div class=\"elementor-element elementor-element-9b8edeb e-con-full e-flex e-con e-child\" data-id=\"9b8edeb\" data-element_type=\"container\" data-e-type=\"container\">\n\t\t\t\t<div class=\"elementor-element elementor-element-b66a906 elementor-widget elementor-widget-button\" data-id=\"b66a906\" data-element_type=\"widget\" data-e-type=\"widget\" data-widget_type=\"button.default\">\n\t\t\t\t\t\t\t\t\t\t<a class=\"elementor-button elementor-button-link elementor-size-sm elementor-animation-grow\" href=\"https:\/\/veteovet.ch\/en\/appointment\/\">\n\t\t\t\t\t\t<span class=\"elementor-button-content-wrapper\">\n\t\t\t\t\t\t<span class=\"elementor-button-icon\">\n\t\t\t\t<svg aria-hidden=\"true\" class=\"e-font-icon-svg e-fas-notes-medical\" viewbox=\"0 0 384 512\" xmlns=\"http:\/\/www.w3.org\/2000\/svg\"><path d=\"M336 64h-80c0-35.3-28.7-64-64-64s-64 28.7-64 64H48C21.5 64 0 85.5 0 112v352c0 26.5 21.5 48 48 48h288c26.5 0 48-21.5 48-48V112c0-26.5-21.5-48-48-48zM192 40c13.3 0 24 10.7 24 24s-10.7 24-24 24-24-10.7-24-24 10.7-24 24-24zm96 304c0 4.4-3.6 8-8 8h-56v56c0 4.4-3.6 8-8 8h-48c-4.4 0-8-3.6-8-8v-56h-56c-4.4 0-8-3.6-8-8v-48c0-4.4 3.6-8 8-8h56v-56c0-4.4 3.6-8 8-8h48c4.4 0 8 3.6 8 8v56h56c4.4 0 8 3.6 8 8v48zm0-192c0 4.4-3.6 8-8 8H104c-4.4 0-8-3.6-8-8v-16c0-4.4 3.6-8 8-8h176c4.4 0 8 3.6 8 8v16z\"><\/path><\/svg>\t\t\t<\/span>\n\t\t\t\t\t\t\t\t\t<span class=\"elementor-button-text\">Appointment<\/span>\n\t\t\t\t\t<\/span>\n\t\t\t\t\t<\/a>\n\t\t\t\t\t\t\t\t<\/div>\n\t\t\t\t<\/div>\n\t\t\t\t<div class=\"elementor-element elementor-element-c6baf5d elementor-widget elementor-widget-spacer\" data-id=\"c6baf5d\" data-element_type=\"widget\" data-e-type=\"widget\" data-widget_type=\"spacer.default\">\n\t\t\t\t\t\t\t<div class=\"elementor-spacer\">\n\t\t\t<div class=\"elementor-spacer-inner\"><\/div>\n\t\t<\/div>\n\t\t\t\t\t\t<\/div>\n\t\t\t\t<\/div>\n\t\t\t\t<\/div>\n\t\t\t\t\t<\/div>\n\t\t\t\t<\/div>\n\t\t\t\t<\/div>","protected":false},"excerpt":{"rendered":"<p>Le cabinet et nos valeurs Un lieu charg\u00e9 d&rsquo;histoire et d&rsquo;\u00e9motions Le cabinet est install\u00e9 dans un lieu embl\u00e9matique de Territet &#8211; Montreux. C&rsquo;est ici qu&rsquo;est n\u00e9\u00a0Claude Nobs, fondateur du\u00a0Montreux Jazz Festival. En 1967, il y \u00e9tablit la premi\u00e8re base permanente du Festival. Les locaux ont ensuite accueilli les archives audiovisuelles du Festival, inscrites aujourd&rsquo;hui [&hellip;]<\/p>\n","protected":false},"author":1,"featured_media":0,"parent":0,"menu_order":0,"comment_status":"closed","ping_status":"closed","template":"","meta":{"footnotes":""},"class_list":["post-1434","page","type-page","status-publish","hentry"],"jetpack_sharing_enabled":true,"_links":{"self":[{"href":"https:\/\/veteovet.ch\/en\/wp-json\/wp\/v2\/pages\/1434","targetHints":{"allow":["GET"]}}],"collection":[{"href":"https:\/\/veteovet.ch\/en\/wp-json\/wp\/v2\/pages"}],"about":[{"href":"https:\/\/veteovet.ch\/en\/wp-json\/wp\/v2\/types\/page"}],"author":[{"embeddable":true,"href":"https:\/\/veteovet.ch\/en\/wp-json\/wp\/v2\/users\/1"}],"replies":[{"embeddable":true,"href":"https:\/\/veteovet.ch\/en\/wp-json\/wp\/v2\/comments?post=1434"}],"version-history":[{"count":84,"href":"https:\/\/veteovet.ch\/en\/wp-json\/wp\/v2\/pages\/1434\/revisions"}],"predecessor-version":[{"id":3663,"href":"https:\/\/veteovet.ch\/en\/wp-json\/wp\/v2\/pages\/1434\/revisions\/3663"}],"wp:attachment":[{"href":"https:\/\/veteovet.ch\/en\/wp-json\/wp\/v2\/media?parent=1434"}],"curies":[{"name":"wp","href":"https:\/\/api.w.org\/{rel}","templated":true}]}}