{"id":1656,"date":"2025-11-20T12:36:14","date_gmt":"2025-11-20T11:36:14","guid":{"rendered":"https:\/\/veteovet.ch\/?page_id=1656"},"modified":"2026-02-07T10:54:23","modified_gmt":"2026-02-07T09:54:23","slug":"medical-imaging","status":"publish","type":"page","link":"https:\/\/veteovet.ch\/en\/services\/imagerie-medicale\/","title":{"rendered":"Medical imaging"},"content":{"rendered":"<div data-elementor-type=\"wp-page\" data-elementor-id=\"1656\" class=\"elementor elementor-1656\" data-elementor-post-type=\"page\">\n\t\t\t\t<div class=\"elementor-element elementor-element-27848fb e-flex e-con-boxed e-con e-parent\" data-id=\"27848fb\" data-element_type=\"container\" data-e-type=\"container\">\n\t\t\t\t\t<div class=\"e-con-inner\">\n\t\t<div class=\"elementor-element elementor-element-77ad9e8 e-con-full e-flex e-con e-child\" data-id=\"77ad9e8\" data-element_type=\"container\" data-e-type=\"container\">\n\t\t\t\t<div class=\"elementor-element elementor-element-0d6ba89 elementor-widget elementor-widget-spacer\" data-id=\"0d6ba89\" data-element_type=\"widget\" data-e-type=\"widget\" data-widget_type=\"spacer.default\">\n\t\t\t\t\t\t\t<div class=\"elementor-spacer\">\n\t\t\t<div class=\"elementor-spacer-inner\"><\/div>\n\t\t<\/div>\n\t\t\t\t\t\t<\/div>\n\t\t\t\t<\/div>\n\t\t<div class=\"elementor-element elementor-element-8e97d6f e-con-full e-flex e-con e-child\" data-id=\"8e97d6f\" data-element_type=\"container\" data-e-type=\"container\">\n\t\t\t\t<div class=\"elementor-element elementor-element-f3dc7ea elementor-widget elementor-widget-heading\" data-id=\"f3dc7ea\" data-element_type=\"widget\" data-e-type=\"widget\" data-widget_type=\"heading.default\">\n\t\t\t\t\t<h1 class=\"elementor-heading-title elementor-size-default\">Medical Imaging<\/h1>\t\t\t\t<\/div>\n\t\t\t\t<\/div>\n\t\t<div class=\"elementor-element elementor-element-165c933 e-con-full e-flex e-con e-child\" data-id=\"165c933\" data-element_type=\"container\" data-e-type=\"container\">\n\t\t<div class=\"elementor-element elementor-element-d71bf05 e-con-full e-flex e-con e-child\" data-id=\"d71bf05\" data-element_type=\"container\" data-e-type=\"container\">\n\t\t\t\t<div class=\"elementor-element elementor-element-3d96ead elementor-widget elementor-widget-text-editor\" data-id=\"3d96ead\" data-element_type=\"widget\" data-e-type=\"widget\" data-widget_type=\"text-editor.default\">\n\t\t\t\t\t\t\t\t\t<p class=\"translation-block\">Medical imaging helps us <strong>quickly understand<\/strong> what is happening to your companion.<\/p><p class=\"translation-block\"><br>Thanks to our high-end equipment, the images are <strong>clear<\/strong>, <strong>immediate<\/strong>, and <strong>comfortable<\/strong> for the animal.<\/p><p class=\"translation-block\"><br><strong>Radiography<\/strong>, <strong>ultrasound<\/strong>, and <strong>echocardiography<\/strong> : each examination helps us go straight to the point to establish a clear and precise diagnosis.<\/p>\t\t\t\t\t\t\t\t<\/div>\n\t\t\t\t<\/div>\n\t\t<div class=\"elementor-element elementor-element-99797b0 e-con-full e-flex e-con e-child\" data-id=\"99797b0\" data-element_type=\"container\" data-e-type=\"container\" data-settings=\"{&quot;background_background&quot;:&quot;video&quot;,&quot;background_video_link&quot;:&quot;https:\\\/\\\/veteovet.ch\\\/wp-content\\\/uploads\\\/2025\\\/11\\\/6236753-hd_1920_1080_25fps.mp4&quot;,&quot;background_play_on_mobile&quot;:&quot;yes&quot;}\">\n\t\t<div class=\"elementor-background-video-container\">\n\t\t\t\t\t\t\t<video class=\"elementor-background-video-hosted\" role=\"presentation\" autoplay muted playsinline loop><\/video>\n\t\t\t\t\t<\/div>\t\t<\/div>\n\t\t\t\t<\/div>\n\t\t<div class=\"elementor-element elementor-element-0ee2702 e-con-full e-flex e-con e-child\" data-id=\"0ee2702\" data-element_type=\"container\" data-e-type=\"container\">\n\t\t\t\t<div class=\"elementor-element elementor-element-9d30f76 elementor-widget elementor-widget-spacer\" data-id=\"9d30f76\" data-element_type=\"widget\" data-e-type=\"widget\" data-widget_type=\"spacer.default\">\n\t\t\t\t\t\t\t<div class=\"elementor-spacer\">\n\t\t\t<div class=\"elementor-spacer-inner\"><\/div>\n\t\t<\/div>\n\t\t\t\t\t\t<\/div>\n\t\t\t\t<div class=\"elementor-element elementor-element-9cf0053 elementor-widget-divider--separator-type-pattern elementor-widget-divider--no-spacing elementor-widget-divider--view-line elementor-widget elementor-widget-divider\" data-id=\"9cf0053\" data-element_type=\"widget\" data-e-type=\"widget\" data-widget_type=\"divider.default\">\n\t\t\t\t\t\t\t<div class=\"elementor-divider\" style=\"--divider-pattern-url: url(&quot;data:image\/svg+xml,%3Csvg xmlns=&#039;http:\/\/www.w3.org\/2000\/svg&#039; preserveAspectRatio=&#039;xMidYMid meet&#039; overflow=&#039;visible&#039; height=&#039;100%&#039; viewBox=&#039;0 0 126 26&#039; fill=&#039;black&#039; stroke=&#039;none&#039;%3E%3Cpath d=&#039;M46.8,7.8v11.5L36,18.6V7.8H46.8z M82.4,7.8L84,18.6l-12,0.7L70.4,7.8H82.4z M0,7.8l12,0.9v9.9H1.3L0,7.8z M30,7.8v10.8H19L18,7.8H30z M63.7,7.8L66,18.6H54V9.5L63.7,7.8z M89.8,7L102,7.8v10.8H91.2L89.8,7zM108,7.8l12,0.9v8.9l-12,1V7.8z&#039;\/%3E%3C\/svg%3E&quot;);\">\n\t\t\t<span class=\"elementor-divider-separator\">\n\t\t\t\t\t\t<\/span>\n\t\t<\/div>\n\t\t\t\t\t\t<\/div>\n\t\t\t\t<\/div>\n\t\t<div class=\"elementor-element elementor-element-fbfac8a e-con-full e-flex e-con e-child\" data-id=\"fbfac8a\" data-element_type=\"container\" data-e-type=\"container\" id=\"radiographie\">\n\t\t<div class=\"elementor-element elementor-element-bd5a883 e-con-full e-flex e-con e-child\" data-id=\"bd5a883\" data-element_type=\"container\" data-e-type=\"container\">\n\t\t\t\t<div class=\"elementor-element elementor-element-d57ec46 elementor-widget elementor-widget-heading\" data-id=\"d57ec46\" data-element_type=\"widget\" data-e-type=\"widget\" data-widget_type=\"heading.default\">\n\t\t\t\t\t<h2 class=\"elementor-heading-title elementor-size-default\">X-ray<\/h2>\t\t\t\t<\/div>\n\t\t\t\t<\/div>\n\t\t<div class=\"elementor-element elementor-element-4e9c86b e-con-full e-flex e-con e-child\" data-id=\"4e9c86b\" data-element_type=\"container\" data-e-type=\"container\">\n\t\t<div class=\"elementor-element elementor-element-8d39ee7 e-con-full e-flex e-con e-child\" data-id=\"8d39ee7\" data-element_type=\"container\" data-e-type=\"container\" data-settings=\"{&quot;background_background&quot;:&quot;classic&quot;}\">\n\t\t\t\t<\/div>\n\t\t<div class=\"elementor-element elementor-element-128fe71 e-con-full e-flex e-con e-child\" data-id=\"128fe71\" data-element_type=\"container\" data-e-type=\"container\">\n\t\t\t\t<div class=\"elementor-element elementor-element-ba0e9a9 elementor-widget elementor-widget-text-editor\" data-id=\"ba0e9a9\" data-element_type=\"widget\" data-e-type=\"widget\" data-widget_type=\"text-editor.default\">\n\t\t\t\t\t\t\t\t\t<p>Digital radiography is fast, accurate, non-invasive and very useful in <strong>emergency<\/strong> as in <strong>follow up<\/strong>.<\/p>\n<p class=\"translation-block\"><strong>It easily allows us to detect:<\/strong><br>\n\u2022 fractures and trauma<br>\n\u2022 lameness and joint pain<br>\n\u2022 respiratory disorders<br>\n\u2022 digestive problems<br>\n\u2022 urinary disorders<br>\n\u2022 dysplasia and bone abnormalities<br>\n\u2022 progression of pregnancy (depending on the stage)<\/p>\n<p class=\"translation-block\"><strong>Service advantages:<\/strong><br>\n\u2022 flat panel detector with instant imaging<br>\n\u2022 on-site, immediate analysis for most situations<\/p>\t\t\t\t\t\t\t\t<\/div>\n\t\t\t\t<\/div>\n\t\t\t\t<\/div>\n\t\t\t\t<\/div>\n\t\t<div class=\"elementor-element elementor-element-ce322e1 e-con-full e-flex e-con e-child\" data-id=\"ce322e1\" data-element_type=\"container\" data-e-type=\"container\">\n\t\t\t\t<div class=\"elementor-element elementor-element-ba3d4f6 elementor-widget elementor-widget-spacer\" data-id=\"ba3d4f6\" data-element_type=\"widget\" data-e-type=\"widget\" data-widget_type=\"spacer.default\">\n\t\t\t\t\t\t\t<div class=\"elementor-spacer\">\n\t\t\t<div class=\"elementor-spacer-inner\"><\/div>\n\t\t<\/div>\n\t\t\t\t\t\t<\/div>\n\t\t\t\t<div class=\"elementor-element elementor-element-d1bf0cf elementor-widget-divider--separator-type-pattern elementor-widget-divider--no-spacing elementor-widget-divider--view-line elementor-widget elementor-widget-divider\" data-id=\"d1bf0cf\" data-element_type=\"widget\" data-e-type=\"widget\" data-widget_type=\"divider.default\">\n\t\t\t\t\t\t\t<div class=\"elementor-divider\" style=\"--divider-pattern-url: url(&quot;data:image\/svg+xml,%3Csvg xmlns=&#039;http:\/\/www.w3.org\/2000\/svg&#039; preserveAspectRatio=&#039;xMidYMid meet&#039; overflow=&#039;visible&#039; height=&#039;100%&#039; viewBox=&#039;0 0 126 26&#039; fill=&#039;black&#039; stroke=&#039;none&#039;%3E%3Cpath d=&#039;M46.8,7.8v11.5L36,18.6V7.8H46.8z M82.4,7.8L84,18.6l-12,0.7L70.4,7.8H82.4z M0,7.8l12,0.9v9.9H1.3L0,7.8z M30,7.8v10.8H19L18,7.8H30z M63.7,7.8L66,18.6H54V9.5L63.7,7.8z M89.8,7L102,7.8v10.8H91.2L89.8,7zM108,7.8l12,0.9v8.9l-12,1V7.8z&#039;\/%3E%3C\/svg%3E&quot;);\">\n\t\t\t<span class=\"elementor-divider-separator\">\n\t\t\t\t\t\t<\/span>\n\t\t<\/div>\n\t\t\t\t\t\t<\/div>\n\t\t\t\t<\/div>\n\t\t<div class=\"elementor-element elementor-element-9248c7b e-con-full e-flex e-con e-child\" data-id=\"9248c7b\" data-element_type=\"container\" data-e-type=\"container\" id=\"echographie\">\n\t\t<div class=\"elementor-element elementor-element-945df2c e-con-full e-flex e-con e-child\" data-id=\"945df2c\" data-element_type=\"container\" data-e-type=\"container\">\n\t\t\t\t<div class=\"elementor-element elementor-element-1611237 elementor-widget elementor-widget-heading\" data-id=\"1611237\" data-element_type=\"widget\" data-e-type=\"widget\" data-widget_type=\"heading.default\">\n\t\t\t\t\t<h2 class=\"elementor-heading-title elementor-size-default\">Ultrasound<\/h2>\t\t\t\t<\/div>\n\t\t\t\t<\/div>\n\t\t<div class=\"elementor-element elementor-element-3a37417 e-con-full e-flex e-con e-child\" data-id=\"3a37417\" data-element_type=\"container\" data-e-type=\"container\">\n\t\t<div class=\"elementor-element elementor-element-d0ac2a6 e-con-full e-flex e-con e-child\" data-id=\"d0ac2a6\" data-element_type=\"container\" data-e-type=\"container\">\n\t\t\t\t<div class=\"elementor-element elementor-element-4baa348 elementor-widget elementor-widget-text-editor\" data-id=\"4baa348\" data-element_type=\"widget\" data-e-type=\"widget\" data-widget_type=\"text-editor.default\">\n\t\t\t\t\t\t\t\t\t<p class=\"translation-block\">Ultrasound is a <strong>gentle<\/strong>, <strong>non-invasive<\/strong>, and highly <strong>informative<\/strong> examination.<\/p><p class=\"translation-block\"><strong>It helps us explore:<\/strong><br>\n\u2022 the abdomen (liver, kidneys, spleen, stomach, intestines\u2026)<br>\n\u2022 the urinary system<br>\n\u2022 the reproductive system<br>\n\u2022 internal masses or abnormalities<br>\n\u2022 pregnancy (number, viability, follow-up)<\/p><p class=\"translation-block\"><strong>Service advantages:<\/strong><br>\n\u2022 high-end equipment<br>\n\u2022 precise images<br>\n\u2022 comfortable and painless examination<\/p>\t\t\t\t\t\t\t\t<\/div>\n\t\t\t\t<\/div>\n\t\t<div class=\"elementor-element elementor-element-de1e89e e-con-full e-flex e-con e-child\" data-id=\"de1e89e\" data-element_type=\"container\" data-e-type=\"container\" data-settings=\"{&quot;background_background&quot;:&quot;classic&quot;}\">\n\t\t\t\t<\/div>\n\t\t\t\t<\/div>\n\t\t\t\t<\/div>\n\t\t<div class=\"elementor-element elementor-element-3d14ef2 e-con-full e-flex e-con e-child\" data-id=\"3d14ef2\" data-element_type=\"container\" data-e-type=\"container\">\n\t\t\t\t<div class=\"elementor-element elementor-element-4a021fc elementor-widget elementor-widget-spacer\" data-id=\"4a021fc\" data-element_type=\"widget\" data-e-type=\"widget\" data-widget_type=\"spacer.default\">\n\t\t\t\t\t\t\t<div class=\"elementor-spacer\">\n\t\t\t<div class=\"elementor-spacer-inner\"><\/div>\n\t\t<\/div>\n\t\t\t\t\t\t<\/div>\n\t\t\t\t<div class=\"elementor-element elementor-element-176ee9d elementor-widget-divider--separator-type-pattern elementor-widget-divider--no-spacing elementor-widget-divider--view-line elementor-widget elementor-widget-divider\" data-id=\"176ee9d\" data-element_type=\"widget\" data-e-type=\"widget\" data-widget_type=\"divider.default\">\n\t\t\t\t\t\t\t<div class=\"elementor-divider\" style=\"--divider-pattern-url: url(&quot;data:image\/svg+xml,%3Csvg xmlns=&#039;http:\/\/www.w3.org\/2000\/svg&#039; preserveAspectRatio=&#039;xMidYMid meet&#039; overflow=&#039;visible&#039; height=&#039;100%&#039; viewBox=&#039;0 0 126 26&#039; fill=&#039;black&#039; stroke=&#039;none&#039;%3E%3Cpath d=&#039;M46.8,7.8v11.5L36,18.6V7.8H46.8z M82.4,7.8L84,18.6l-12,0.7L70.4,7.8H82.4z M0,7.8l12,0.9v9.9H1.3L0,7.8z M30,7.8v10.8H19L18,7.8H30z M63.7,7.8L66,18.6H54V9.5L63.7,7.8z M89.8,7L102,7.8v10.8H91.2L89.8,7zM108,7.8l12,0.9v8.9l-12,1V7.8z&#039;\/%3E%3C\/svg%3E&quot;);\">\n\t\t\t<span class=\"elementor-divider-separator\">\n\t\t\t\t\t\t<\/span>\n\t\t<\/div>\n\t\t\t\t\t\t<\/div>\n\t\t\t\t<\/div>\n\t\t<div class=\"elementor-element elementor-element-7f43866 e-con-full e-flex e-con e-child\" data-id=\"7f43866\" data-element_type=\"container\" data-e-type=\"container\" id=\"echocardiographie\">\n\t\t<div class=\"elementor-element elementor-element-fd8d306 e-con-full e-flex e-con e-child\" data-id=\"fd8d306\" data-element_type=\"container\" data-e-type=\"container\">\n\t\t\t\t<div class=\"elementor-element elementor-element-e6f5c15 elementor-widget elementor-widget-heading\" data-id=\"e6f5c15\" data-element_type=\"widget\" data-e-type=\"widget\" data-widget_type=\"heading.default\">\n\t\t\t\t\t<h2 class=\"elementor-heading-title elementor-size-default\">Echocardiography<\/h2>\t\t\t\t<\/div>\n\t\t\t\t<\/div>\n\t\t<div class=\"elementor-element elementor-element-a3b02f7 e-con-full e-flex e-con e-child\" data-id=\"a3b02f7\" data-element_type=\"container\" data-e-type=\"container\">\n\t\t<div class=\"elementor-element elementor-element-58e8bc3 e-con-full e-flex e-con e-child\" data-id=\"58e8bc3\" data-element_type=\"container\" data-e-type=\"container\" data-settings=\"{&quot;background_background&quot;:&quot;classic&quot;}\">\n\t\t\t\t<\/div>\n\t\t<div class=\"elementor-element elementor-element-fa16e60 e-con-full e-flex e-con e-child\" data-id=\"fa16e60\" data-element_type=\"container\" data-e-type=\"container\">\n\t\t\t\t<div class=\"elementor-element elementor-element-46c2f1c elementor-widget elementor-widget-text-editor\" data-id=\"46c2f1c\" data-element_type=\"widget\" data-e-type=\"widget\" data-widget_type=\"text-editor.default\">\n\t\t\t\t\t\t\t\t\t<p>Echocardiography allows us to assess the<strong> heart in motion<\/strong>. It is a gentle, precise, and essential examination to truly understand your companion&#039;s cardiac function.<\/p><p class=\"translation-block\"><strong>Essential for:<\/strong><br>\n\u2022 pre-anaesthetic assessment<br>\n\u2022 heart murmurs<br>\n\u2022 unusual shortness of breath or fatigue<br>\n\u2022 monitoring of cardiopathies<br>\n\u2022 screening of at-risk breeds (dogs: <strong>Cavalier King Charles<\/strong>, <strong>Doberman<\/strong>, <strong>Boxer<\/strong> and cats: <strong>Maine Coon<\/strong>, <strong>Ragdoll<\/strong>, <strong>Sphynx<\/strong>, <strong>Bengal<\/strong>)<\/p><p class=\"translation-block\"><strong>Service advantages:<\/strong><br>\n\u2022 gold-standard examination for cardiac diagnosis<br>\n\u2022 precise monitoring of progression<br>\n\u2022 fine adjustment of treatments<\/p>\t\t\t\t\t\t\t\t<\/div>\n\t\t\t\t<\/div>\n\t\t\t\t<\/div>\n\t\t\t\t<\/div>\n\t\t<div class=\"elementor-element elementor-element-127ef3d e-con-full e-flex e-con e-child\" data-id=\"127ef3d\" data-element_type=\"container\" data-e-type=\"container\">\n\t\t\t\t<div class=\"elementor-element elementor-element-3a37ad5 elementor-widget elementor-widget-spacer\" data-id=\"3a37ad5\" data-element_type=\"widget\" data-e-type=\"widget\" data-widget_type=\"spacer.default\">\n\t\t\t\t\t\t\t<div class=\"elementor-spacer\">\n\t\t\t<div class=\"elementor-spacer-inner\"><\/div>\n\t\t<\/div>\n\t\t\t\t\t\t<\/div>\n\t\t\t\t<div class=\"elementor-element elementor-element-b35e2d8 elementor-widget-divider--separator-type-pattern elementor-widget-divider--no-spacing elementor-widget-divider--view-line elementor-widget elementor-widget-divider\" data-id=\"b35e2d8\" data-element_type=\"widget\" data-e-type=\"widget\" data-widget_type=\"divider.default\">\n\t\t\t\t\t\t\t<div class=\"elementor-divider\" style=\"--divider-pattern-url: url(&quot;data:image\/svg+xml,%3Csvg xmlns=&#039;http:\/\/www.w3.org\/2000\/svg&#039; preserveAspectRatio=&#039;xMidYMid meet&#039; overflow=&#039;visible&#039; height=&#039;100%&#039; viewBox=&#039;0 0 126 26&#039; fill=&#039;black&#039; stroke=&#039;none&#039;%3E%3Cpath d=&#039;M46.8,7.8v11.5L36,18.6V7.8H46.8z M82.4,7.8L84,18.6l-12,0.7L70.4,7.8H82.4z M0,7.8l12,0.9v9.9H1.3L0,7.8z M30,7.8v10.8H19L18,7.8H30z M63.7,7.8L66,18.6H54V9.5L63.7,7.8z M89.8,7L102,7.8v10.8H91.2L89.8,7zM108,7.8l12,0.9v8.9l-12,1V7.8z&#039;\/%3E%3C\/svg%3E&quot;);\">\n\t\t\t<span class=\"elementor-divider-separator\">\n\t\t\t\t\t\t<\/span>\n\t\t<\/div>\n\t\t\t\t\t\t<\/div>\n\t\t\t\t<\/div>\n\t\t<div class=\"elementor-element elementor-element-a84d54f e-con-full e-flex e-con e-child\" data-id=\"a84d54f\" data-element_type=\"container\" data-e-type=\"container\">\n\t\t<div class=\"elementor-element elementor-element-52f8a59 e-con-full e-flex e-con e-child\" data-id=\"52f8a59\" data-element_type=\"container\" data-e-type=\"container\">\n\t\t\t\t<div class=\"elementor-element elementor-element-ba63d07 elementor-widget elementor-widget-button\" data-id=\"ba63d07\" data-element_type=\"widget\" data-e-type=\"widget\" data-widget_type=\"button.default\">\n\t\t\t\t\t\t\t\t\t\t<a class=\"elementor-button elementor-button-link elementor-size-sm elementor-animation-grow\" href=\"https:\/\/veteovet.ch\/en\/services\/\">\n\t\t\t\t\t\t<span class=\"elementor-button-content-wrapper\">\n\t\t\t\t\t\t<span class=\"elementor-button-icon\">\n\t\t\t\t<i aria-hidden=\"true\" class=\"icon icon-syringe\"><\/i>\t\t\t<\/span>\n\t\t\t\t\t\t\t\t\t<span class=\"elementor-button-text\">View all services<\/span>\n\t\t\t\t\t<\/span>\n\t\t\t\t\t<\/a>\n\t\t\t\t\t\t\t\t<\/div>\n\t\t\t\t<div class=\"elementor-element elementor-element-bd78e5a elementor-widget elementor-widget-button\" data-id=\"bd78e5a\" data-element_type=\"widget\" data-e-type=\"widget\" data-widget_type=\"button.default\">\n\t\t\t\t\t\t\t\t\t\t<a class=\"elementor-button elementor-button-link elementor-size-sm elementor-animation-grow\" href=\"https:\/\/veteovet.ch\/en\/appointment\/\">\n\t\t\t\t\t\t<span class=\"elementor-button-content-wrapper\">\n\t\t\t\t\t\t<span class=\"elementor-button-icon\">\n\t\t\t\t<svg aria-hidden=\"true\" class=\"e-font-icon-svg e-fas-notes-medical\" viewbox=\"0 0 384 512\" xmlns=\"http:\/\/www.w3.org\/2000\/svg\"><path d=\"M336 64h-80c0-35.3-28.7-64-64-64s-64 28.7-64 64H48C21.5 64 0 85.5 0 112v352c0 26.5 21.5 48 48 48h288c26.5 0 48-21.5 48-48V112c0-26.5-21.5-48-48-48zM192 40c13.3 0 24 10.7 24 24s-10.7 24-24 24-24-10.7-24-24 10.7-24 24-24zm96 304c0 4.4-3.6 8-8 8h-56v56c0 4.4-3.6 8-8 8h-48c-4.4 0-8-3.6-8-8v-56h-56c-4.4 0-8-3.6-8-8v-48c0-4.4 3.6-8 8-8h56v-56c0-4.4 3.6-8 8-8h48c4.4 0 8 3.6 8 8v56h56c4.4 0 8 3.6 8 8v48zm0-192c0 4.4-3.6 8-8 8H104c-4.4 0-8-3.6-8-8v-16c0-4.4 3.6-8 8-8h176c4.4 0 8 3.6 8 8v16z\"><\/path><\/svg>\t\t\t<\/span>\n\t\t\t\t\t\t\t\t\t<span class=\"elementor-button-text\">Appointment<\/span>\n\t\t\t\t\t<\/span>\n\t\t\t\t\t<\/a>\n\t\t\t\t\t\t\t\t<\/div>\n\t\t\t\t<\/div>\n\t\t\t\t<div class=\"elementor-element elementor-element-5d8cf9b elementor-widget elementor-widget-spacer\" data-id=\"5d8cf9b\" data-element_type=\"widget\" data-e-type=\"widget\" data-widget_type=\"spacer.default\">\n\t\t\t\t\t\t\t<div class=\"elementor-spacer\">\n\t\t\t<div class=\"elementor-spacer-inner\"><\/div>\n\t\t<\/div>\n\t\t\t\t\t\t<\/div>\n\t\t\t\t<\/div>\n\t\t\t\t\t<\/div>\n\t\t\t\t<\/div>\n\t\t\t\t<\/div>","protected":false},"excerpt":{"rendered":"<p>Imagerie M\u00e9dicale L&rsquo;imagerie m\u00e9dicale nous aide \u00e0 comprendre rapidement ce qui arrive \u00e0 votre compagnon. Gr\u00e2ce \u00e0 notre mat\u00e9riel haut de gamme, les images sont nettes, imm\u00e9diates et confortables pour l&rsquo;animal. Radiographie, \u00e9chographie et \u00e9chocardiographie, chaque examen nous permet d&rsquo;aller droit au but pour poser un diagnostic clair et pr\u00e9cis. Radiographie La radiographie num\u00e9rique est [&hellip;]<\/p>\n","protected":false},"author":1,"featured_media":0,"parent":85,"menu_order":0,"comment_status":"closed","ping_status":"closed","template":"","meta":{"footnotes":""},"class_list":["post-1656","page","type-page","status-publish","hentry"],"jetpack_sharing_enabled":true,"_links":{"self":[{"href":"https:\/\/veteovet.ch\/en\/wp-json\/wp\/v2\/pages\/1656","targetHints":{"allow":["GET"]}}],"collection":[{"href":"https:\/\/veteovet.ch\/en\/wp-json\/wp\/v2\/pages"}],"about":[{"href":"https:\/\/veteovet.ch\/en\/wp-json\/wp\/v2\/types\/page"}],"author":[{"embeddable":true,"href":"https:\/\/veteovet.ch\/en\/wp-json\/wp\/v2\/users\/1"}],"replies":[{"embeddable":true,"href":"https:\/\/veteovet.ch\/en\/wp-json\/wp\/v2\/comments?post=1656"}],"version-history":[{"count":41,"href":"https:\/\/veteovet.ch\/en\/wp-json\/wp\/v2\/pages\/1656\/revisions"}],"predecessor-version":[{"id":3539,"href":"https:\/\/veteovet.ch\/en\/wp-json\/wp\/v2\/pages\/1656\/revisions\/3539"}],"up":[{"embeddable":true,"href":"https:\/\/veteovet.ch\/en\/wp-json\/wp\/v2\/pages\/85"}],"wp:attachment":[{"href":"https:\/\/veteovet.ch\/en\/wp-json\/wp\/v2\/media?parent=1656"}],"curies":[{"name":"wp","href":"https:\/\/api.w.org\/{rel}","templated":true}]}}