{"id":186,"date":"2025-11-14T23:00:02","date_gmt":"2025-11-14T22:00:02","guid":{"rendered":"https:\/\/veteovet.ch\/?page_id=186"},"modified":"2026-02-07T10:24:55","modified_gmt":"2026-02-07T09:24:55","slug":"new-patient","status":"publish","type":"page","link":"https:\/\/veteovet.ch\/en\/nouveau-client\/","title":{"rendered":"New patient"},"content":{"rendered":"<div data-elementor-type=\"wp-page\" data-elementor-id=\"186\" class=\"elementor elementor-186\" data-elementor-post-type=\"page\">\n\t\t\t\t<div class=\"elementor-element elementor-element-c46a09c e-flex e-con-boxed e-con e-parent\" data-id=\"c46a09c\" data-element_type=\"container\" data-e-type=\"container\">\n\t\t\t\t\t<div class=\"e-con-inner\">\n\t\t\t\t<div class=\"elementor-element elementor-element-8d90dc3 elementor-widget elementor-widget-spacer\" data-id=\"8d90dc3\" data-element_type=\"widget\" data-e-type=\"widget\" data-widget_type=\"spacer.default\">\n\t\t\t\t\t\t\t<div class=\"elementor-spacer\">\n\t\t\t<div class=\"elementor-spacer-inner\"><\/div>\n\t\t<\/div>\n\t\t\t\t\t\t<\/div>\n\t\t<div class=\"elementor-element elementor-element-6d0b01f e-con-full e-flex e-con e-child\" data-id=\"6d0b01f\" data-element_type=\"container\" data-e-type=\"container\">\n\t\t<div class=\"elementor-element elementor-element-3b4767d e-con-full e-flex e-con e-child\" data-id=\"3b4767d\" data-element_type=\"container\" data-e-type=\"container\">\n\t\t\t\t<div class=\"elementor-element elementor-element-88376fb elementor-widget elementor-widget-image\" data-id=\"88376fb\" data-element_type=\"widget\" data-e-type=\"widget\" data-widget_type=\"image.default\">\n\t\t\t\t\t\t\t\t\t\t\t\t\t\t\t<img decoding=\"async\" src=\"https:\/\/veteovet.ch\/wp-content\/uploads\/elementor\/thumbs\/12448E9B-060E-417C-B918-BE630FAA6118-1-reu5coceq5pzyuxbqfqxhrigvw6y4yrwz253qfqopo.jpeg\" title=\"Photo : Th\u00e9o Decalf\" alt=\"Photo of Moon frolicking in the snow in the sunshine\" loading=\"lazy\" \/>\t\t\t\t\t\t\t\t\t\t\t\t\t\t\t<\/div>\n\t\t\t\t<\/div>\n\t\t<div class=\"elementor-element elementor-element-eb3430b e-con-full e-flex e-con e-child\" data-id=\"eb3430b\" data-element_type=\"container\" data-e-type=\"container\">\n\t\t\t\t<div class=\"elementor-element elementor-element-2d70869 elementor-widget elementor-widget-heading\" data-id=\"2d70869\" data-element_type=\"widget\" data-e-type=\"widget\" data-widget_type=\"heading.default\">\n\t\t\t\t\t<h1 class=\"elementor-heading-title elementor-size-default\">First visit? <br>Welcome to V\u00e9t\u00e9o!\n<\/h1>\t\t\t\t<\/div>\n\t\t\t\t<div class=\"elementor-element elementor-element-36ca0de elementor-widget elementor-widget-text-editor\" data-id=\"36ca0de\" data-element_type=\"widget\" data-e-type=\"widget\" data-widget_type=\"text-editor.default\">\n\t\t\t\t\t\t\t\t\t<p class=\"translation-block\">Whether this is your <strong>first visit<\/strong> to our clinic, or your animal hasn\u2019t seen a vet in a long time: you are <strong>welcome<\/strong>.<\/p><p class=\"translation-block\">We will simply review your animal\u2019s current medical situation with <strong>calmness<\/strong> and <strong>kindness<\/strong>, so that you and your companion feel immediately <strong>comfortable<\/strong>.<\/p>\t\t\t\t\t\t\t\t<\/div>\n\t\t\t\t<div class=\"elementor-element elementor-element-bdd723b elementor-widget elementor-widget-text-editor\" data-id=\"bdd723b\" data-element_type=\"widget\" data-e-type=\"widget\" data-widget_type=\"text-editor.default\">\n\t\t\t\t\t\t\t\t\t<p class=\"translation-block\">At V\u00e9t\u00e9o, everything has been designed to <strong>soothe<\/strong> <strong>animals<\/strong>: separate areas for dogs and cats, calming valerian diffusion, cat-appropriate equipment, and unhurried consultations.<\/p><p class=\"translation-block\">We give your animal <strong>time<\/strong> to look around, sniff, and <strong>settle in<\/strong>.<\/p><p class=\"translation-block\">Each step is explained to you with <strong>transparency<\/strong>, for a clear and worry-free visit.<\/p>\t\t\t\t\t\t\t\t<\/div>\n\t\t\t\t<\/div>\n\t\t\t\t<\/div>\n\t\t<div class=\"elementor-element elementor-element-ba3883c e-con-full e-flex e-con e-child\" data-id=\"ba3883c\" data-element_type=\"container\" data-e-type=\"container\">\n\t\t<div class=\"elementor-element elementor-element-8b4377c e-con-full e-flex e-con e-child\" data-id=\"8b4377c\" data-element_type=\"container\" data-e-type=\"container\">\n\t\t<div class=\"elementor-element elementor-element-eaba4a1 e-con-full e-flex e-con e-child\" data-id=\"eaba4a1\" data-element_type=\"container\" data-e-type=\"container\">\n\t\t\t\t<div class=\"elementor-element elementor-element-d25a067 elementor-headline--style-rotate elementor-widget elementor-widget-animated-headline\" data-id=\"d25a067\" data-element_type=\"widget\" data-e-type=\"widget\" data-settings=\"{&quot;headline_style&quot;:&quot;rotate&quot;,&quot;rotating_text&quot;:&quot;anxieux ?\\nrassur\\u00e9 !&quot;,&quot;rotate_iteration_delay&quot;:1800,&quot;animation_type&quot;:&quot;typing&quot;,&quot;loop&quot;:&quot;yes&quot;}\" data-widget_type=\"animated-headline.default\">\n\t\t\t\t\t\t\t<h2 class=\"elementor-headline elementor-headline-animation-type-typing elementor-headline-letters\">\n\t\t\t\t\t<span class=\"elementor-headline-plain-text elementor-headline-text-wrapper\">Your pet is<\/span>\n\t\t\t\t<span class=\"elementor-headline-dynamic-wrapper elementor-headline-text-wrapper\">\n\t\t\t\t\t<span class=\"elementor-headline-dynamic-text elementor-headline-text-active\">\n\t\t\t\tanxious ?\t\t\t<\/span>\n\t\t\t\t\t<span class=\"elementor-headline-dynamic-text\">\n\t\t\t\treassured !\t\t\t<\/span>\n\t\t\t\t\t\t<\/span>\n\t\t\t\t<\/h2>\n\t\t\t\t\t\t<\/div>\n\t\t\t\t<\/div>\n\t\t\t\t<div class=\"elementor-element elementor-element-5beb555 elementor-widget elementor-widget-text-editor\" data-id=\"5beb555\" data-element_type=\"widget\" data-e-type=\"widget\" data-widget_type=\"text-editor.default\">\n\t\t\t\t\t\t\t\t\t<p class=\"translation-block\">Our approach is <strong>gentle<\/strong>, <strong>progressive<\/strong>, and <strong>attentive<\/strong> to each animal\u2019s emotional state, allowing us to carry out high-quality consultations even with patients who are usually anxious.<br>\nWe adjust the pace, our handling techniques, and the environment so they feel safe and <strong>at home<\/strong>.<\/p><p>\u00a0<\/p><p class=\"translation-block\">Our philosophy: <strong>long consultations<\/strong> to focus on what matters most: your animal.<\/p>\t\t\t\t\t\t\t\t<\/div>\n\t\t\t\t<\/div>\n\t\t<div class=\"elementor-element elementor-element-cf86ae9 e-con-full e-flex e-con e-child\" data-id=\"cf86ae9\" data-element_type=\"container\" data-e-type=\"container\">\n\t\t\t\t<div class=\"elementor-element elementor-element-b0df1bb elementor-widget elementor-widget-image\" data-id=\"b0df1bb\" data-element_type=\"widget\" data-e-type=\"widget\" data-widget_type=\"image.default\">\n\t\t\t\t\t\t\t\t\t\t\t\t\t\t\t<img decoding=\"async\" src=\"https:\/\/veteovet.ch\/wp-content\/uploads\/elementor\/thumbs\/qfxwmckdb_m-repk48h939akpljghmfv8vf6738txs37jrym1nbcdi.jpg\" title=\"Photo by Philippe Murray-Pietsch\" alt=\"Photo of a curious ginger kitten hiding in the doorway\" loading=\"lazy\" \/>\t\t\t\t\t\t\t\t\t\t\t\t\t\t\t<\/div>\n\t\t\t\t<\/div>\n\t\t\t\t<\/div>\n\t\t<div class=\"elementor-element elementor-element-e028f4f e-con-full e-flex e-con e-child\" data-id=\"e028f4f\" data-element_type=\"container\" data-e-type=\"container\">\n\t\t<div class=\"elementor-element elementor-element-5e5a909 e-con-full e-flex e-con e-child\" data-id=\"5e5a909\" data-element_type=\"container\" data-e-type=\"container\">\n\t\t\t\t<div class=\"elementor-element elementor-element-aa2c5ff elementor-widget elementor-widget-video\" data-id=\"aa2c5ff\" data-element_type=\"widget\" data-e-type=\"widget\" data-settings=\"{&quot;video_type&quot;:&quot;hosted&quot;,&quot;end&quot;:0,&quot;autoplay&quot;:&quot;yes&quot;,&quot;play_on_mobile&quot;:&quot;yes&quot;,&quot;mute&quot;:&quot;yes&quot;,&quot;loop&quot;:&quot;yes&quot;}\" data-widget_type=\"video.default\">\n\t\t\t\t\t\t\t<div class=\"e-hosted-video elementor-wrapper elementor-open-inline\">\n\t\t\t\t\t<video class=\"elementor-video\" src=\"https:\/\/veteovet.ch\/wp-content\/uploads\/2025\/11\/Golden-Retriever-Puppy-Sitting-On-A-Green-Backyard-1080P-2025-08-28-10-20-36-Utc.mp4\" autoplay=\"\" loop=\"\" muted=\"muted\" playsinline=\"\" controlslist=\"nodownload\"><\/video>\n\t\t\t\t<\/div>\n\t\t\t\t\t\t<\/div>\n\t\t\t\t<\/div>\n\t\t<div class=\"elementor-element elementor-element-b4dc9b5 e-con-full e-flex e-con e-child\" data-id=\"b4dc9b5\" data-element_type=\"container\" data-e-type=\"container\">\n\t\t\t\t<div class=\"elementor-element elementor-element-8e28e93 elementor-widget elementor-widget-heading\" data-id=\"8e28e93\" data-element_type=\"widget\" data-e-type=\"widget\" data-widget_type=\"heading.default\">\n\t\t\t\t\t<h2 class=\"elementor-heading-title elementor-size-default\">Puppies, kittens and adoptions<\/h2>\t\t\t\t<\/div>\n\t\t\t\t<div class=\"elementor-element elementor-element-a46505f elementor-widget elementor-widget-text-editor\" data-id=\"a46505f\" data-element_type=\"widget\" data-e-type=\"widget\" data-widget_type=\"text-editor.default\">\n\t\t\t\t\t\t\t\t\t<p class=\"translation-block\">Young animals need <strong>precise<\/strong> and <strong>reassuring<\/strong> follow-up.<\/p><p class=\"translation-block\">During their first visit, we will offer you a <strong>personalised vaccination plan<\/strong> <span style=\"font-size: 14px\"><em>(<a href=\"https:\/\/wsava.org\/\" target=\"_blank\" rel=\"noopener\">WSAVA recommendations<\/a>)<\/em><\/span>, reasoned and eco-responsible parasite prevention, as well as advice on<br><strong>growth<\/strong>, <strong>nutrition<\/strong> and <strong>socialisation<\/strong>.<\/p><p>At home, <strong>every question deserves an answer<\/strong>, always with a high level of scientific reference.<\/p>\t\t\t\t\t\t\t\t<\/div>\n\t\t\t\t<div class=\"elementor-element elementor-element-39487f1 elementor-widget elementor-widget-text-editor\" data-id=\"39487f1\" data-element_type=\"widget\" data-e-type=\"widget\" data-widget_type=\"text-editor.default\">\n\t\t\t\t\t\t\t\t\t<p class=\"translation-block\">As with a family doctor, choosing a <b>primary veterinarian<\/b> provides stability and peace of mind.<\/p>\n<p class=\"translation-block\">Over the course of visits, we get to know your animal and its needs, which allows for more <b>precise<\/b> and better <b>tailored<\/b> medicine.<\/p>\n<p class=\"translation-block\">Our goal is simple: <b>to support you throughout your animal\u2019s life.<\/b><\/p>\t\t\t\t\t\t\t\t<\/div>\n\t\t\t\t<\/div>\n\t\t\t\t<\/div>\n\t\t<div class=\"elementor-element elementor-element-c898661 e-con-full e-flex e-con e-child\" data-id=\"c898661\" data-element_type=\"container\" data-e-type=\"container\">\n\t\t\t\t<div class=\"elementor-element elementor-element-ae6d25d elementor-widget elementor-widget-heading\" data-id=\"ae6d25d\" data-element_type=\"widget\" data-e-type=\"widget\" data-widget_type=\"heading.default\">\n\t\t\t\t\t<h3 class=\"elementor-heading-title elementor-size-default\">Then don\u2019t hesitate any longer and come discuss it with us!<\/h3>\t\t\t\t<\/div>\n\t\t<div class=\"elementor-element elementor-element-877613f e-con-full e-flex e-con e-child\" data-id=\"877613f\" data-element_type=\"container\" data-e-type=\"container\">\n\t\t<div class=\"elementor-element elementor-element-423da90 e-con-full e-flex e-con e-child\" data-id=\"423da90\" data-element_type=\"container\" data-e-type=\"container\">\n\t\t\t\t<div class=\"elementor-element elementor-element-d17ace2 elementor-align-center elementor-mobile-align-center elementor-widget elementor-widget-button\" data-id=\"d17ace2\" data-element_type=\"widget\" data-e-type=\"widget\" data-widget_type=\"button.default\">\n\t\t\t\t\t\t\t\t\t\t<a class=\"elementor-button elementor-button-link elementor-size-md elementor-animation-grow\" href=\"https:\/\/veteovet.ch\/en\/services\/\">\n\t\t\t\t\t\t<span class=\"elementor-button-content-wrapper\">\n\t\t\t\t\t\t<span class=\"elementor-button-icon\">\n\t\t\t\t<i aria-hidden=\"true\" class=\"icon icon-stethoscope1\"><\/i>\t\t\t<\/span>\n\t\t\t\t\t\t\t\t\t<span class=\"elementor-button-text\">Our services<\/span>\n\t\t\t\t\t<\/span>\n\t\t\t\t\t<\/a>\n\t\t\t\t\t\t\t\t<\/div>\n\t\t\t\t<\/div>\n\t\t<div class=\"elementor-element elementor-element-cd4b4ab e-con-full e-flex e-con e-child\" data-id=\"cd4b4ab\" data-element_type=\"container\" data-e-type=\"container\">\n\t\t\t\t<div class=\"elementor-element elementor-element-20fcfe7 elementor-align-center elementor-mobile-align-center elementor-widget elementor-widget-button\" data-id=\"20fcfe7\" data-element_type=\"widget\" data-e-type=\"widget\" data-widget_type=\"button.default\">\n\t\t\t\t\t\t\t\t\t\t<a class=\"elementor-button elementor-button-link elementor-size-md elementor-animation-grow\" href=\"https:\/\/veteovet.ch\/en\/appointment\/\">\n\t\t\t\t\t\t<span class=\"elementor-button-content-wrapper\">\n\t\t\t\t\t\t<span class=\"elementor-button-icon\">\n\t\t\t\t<svg aria-hidden=\"true\" class=\"e-font-icon-svg e-fas-notes-medical\" viewbox=\"0 0 384 512\" xmlns=\"http:\/\/www.w3.org\/2000\/svg\"><path d=\"M336 64h-80c0-35.3-28.7-64-64-64s-64 28.7-64 64H48C21.5 64 0 85.5 0 112v352c0 26.5 21.5 48 48 48h288c26.5 0 48-21.5 48-48V112c0-26.5-21.5-48-48-48zM192 40c13.3 0 24 10.7 24 24s-10.7 24-24 24-24-10.7-24-24 10.7-24 24-24zm96 304c0 4.4-3.6 8-8 8h-56v56c0 4.4-3.6 8-8 8h-48c-4.4 0-8-3.6-8-8v-56h-56c-4.4 0-8-3.6-8-8v-48c0-4.4 3.6-8 8-8h56v-56c0-4.4 3.6-8 8-8h48c4.4 0 8 3.6 8 8v56h56c4.4 0 8 3.6 8 8v48zm0-192c0 4.4-3.6 8-8 8H104c-4.4 0-8-3.6-8-8v-16c0-4.4 3.6-8 8-8h176c4.4 0 8 3.6 8 8v16z\"><\/path><\/svg>\t\t\t<\/span>\n\t\t\t\t\t\t\t\t\t<span class=\"elementor-button-text\">Appointment<\/span>\n\t\t\t\t\t<\/span>\n\t\t\t\t\t<\/a>\n\t\t\t\t\t\t\t\t<\/div>\n\t\t\t\t<\/div>\n\t\t\t\t<\/div>\n\t\t<div class=\"elementor-element elementor-element-548a8d4 e-con-full e-flex e-con e-child\" data-id=\"548a8d4\" data-element_type=\"container\" data-e-type=\"container\">\n\t\t\t\t<div class=\"elementor-element elementor-element-1c16bba elementor-align-left e-transform elementor-widget elementor-widget-lottie\" data-id=\"1c16bba\" data-element_type=\"widget\" data-e-type=\"widget\" data-settings=\"{&quot;source_json&quot;:{&quot;url&quot;:&quot;https:\\\/\\\/veteovet.ch\\\/wp-content\\\/uploads\\\/2025\\\/11\\\/woman-pet-sitter-with-cat-and-dog-illustration-2025-10-20-23-53-14-utc.json&quot;,&quot;id&quot;:693,&quot;size&quot;:&quot;&quot;,&quot;alt&quot;:&quot;&quot;,&quot;source&quot;:&quot;library&quot;},&quot;loop&quot;:&quot;yes&quot;,&quot;play_speed&quot;:{&quot;unit&quot;:&quot;px&quot;,&quot;size&quot;:0.7,&quot;sizes&quot;:[]},&quot;_transform_flipX_effect&quot;:&quot;transform&quot;,&quot;source&quot;:&quot;media_file&quot;,&quot;caption_source&quot;:&quot;none&quot;,&quot;link_to&quot;:&quot;none&quot;,&quot;trigger&quot;:&quot;arriving_to_viewport&quot;,&quot;viewport&quot;:{&quot;unit&quot;:&quot;%&quot;,&quot;size&quot;:&quot;&quot;,&quot;sizes&quot;:{&quot;start&quot;:0,&quot;end&quot;:100}},&quot;start_point&quot;:{&quot;unit&quot;:&quot;%&quot;,&quot;size&quot;:0,&quot;sizes&quot;:[]},&quot;end_point&quot;:{&quot;unit&quot;:&quot;%&quot;,&quot;size&quot;:100,&quot;sizes&quot;:[]},&quot;renderer&quot;:&quot;svg&quot;}\" data-widget_type=\"lottie.default\">\n\t\t\t\t\t<div class=\"e-lottie__container\"><div class=\"e-lottie__animation\"><\/div><\/div>\t\t\t\t<\/div>\n\t\t\t\t<\/div>\n\t\t\t\t<\/div>\n\t\t\t\t\t<\/div>\n\t\t\t\t<\/div>\n\t\t\t\t<\/div>","protected":false},"excerpt":{"rendered":"<p>Premi\u00e8re visite&nbsp;? Bienvenue chez V\u00e9t\u00e9o&nbsp;! Que vous veniez pour la premi\u00e8re fois dans notre cabinet ou m\u00eame si cela fait longtemps que votre animal n&rsquo;a pas vu de v\u00e9t\u00e9rinaire : vous \u00eates les bienvenus. Nous reprendrons simplement la situation m\u00e9dicale de votre animal l\u00e0 o\u00f9 elle en est, avec calme et bienveillance, pour que vous [&hellip;]<\/p>\n","protected":false},"author":1,"featured_media":0,"parent":0,"menu_order":0,"comment_status":"closed","ping_status":"closed","template":"elementor_header_footer","meta":{"footnotes":""},"class_list":["post-186","page","type-page","status-publish","hentry"],"jetpack_sharing_enabled":true,"_links":{"self":[{"href":"https:\/\/veteovet.ch\/en\/wp-json\/wp\/v2\/pages\/186","targetHints":{"allow":["GET"]}}],"collection":[{"href":"https:\/\/veteovet.ch\/en\/wp-json\/wp\/v2\/pages"}],"about":[{"href":"https:\/\/veteovet.ch\/en\/wp-json\/wp\/v2\/types\/page"}],"author":[{"embeddable":true,"href":"https:\/\/veteovet.ch\/en\/wp-json\/wp\/v2\/users\/1"}],"replies":[{"embeddable":true,"href":"https:\/\/veteovet.ch\/en\/wp-json\/wp\/v2\/comments?post=186"}],"version-history":[{"count":196,"href":"https:\/\/veteovet.ch\/en\/wp-json\/wp\/v2\/pages\/186\/revisions"}],"predecessor-version":[{"id":3479,"href":"https:\/\/veteovet.ch\/en\/wp-json\/wp\/v2\/pages\/186\/revisions\/3479"}],"wp:attachment":[{"href":"https:\/\/veteovet.ch\/en\/wp-json\/wp\/v2\/media?parent=186"}],"curies":[{"name":"wp","href":"https:\/\/api.w.org\/{rel}","templated":true}]}}