{"id":83,"date":"2025-11-14T22:57:50","date_gmt":"2025-11-14T21:57:50","guid":{"rendered":"https:\/\/veteovet.ch\/?page_id=83"},"modified":"2026-03-09T22:14:52","modified_gmt":"2026-03-09T21:14:52","slug":"team","status":"publish","type":"page","link":"https:\/\/veteovet.ch\/en\/equipe\/","title":{"rendered":"The Weather Team"},"content":{"rendered":"<div data-elementor-type=\"wp-page\" data-elementor-id=\"83\" class=\"elementor elementor-83\" data-elementor-post-type=\"page\">\n\t\t\t\t<div class=\"elementor-element elementor-element-f7d3379 e-flex e-con-boxed e-con e-parent\" data-id=\"f7d3379\" data-element_type=\"container\" data-e-type=\"container\">\n\t\t\t\t\t<div class=\"e-con-inner\">\n\t\t\t\t<div class=\"elementor-element elementor-element-3984ef6 elementor-widget elementor-widget-spacer\" data-id=\"3984ef6\" data-element_type=\"widget\" data-e-type=\"widget\" data-widget_type=\"spacer.default\">\n\t\t\t\t\t\t\t<div class=\"elementor-spacer\">\n\t\t\t<div class=\"elementor-spacer-inner\"><\/div>\n\t\t<\/div>\n\t\t\t\t\t\t<\/div>\n\t\t\t\t\t<\/div>\n\t\t\t\t<\/div>\n\t\t<div class=\"elementor-element elementor-element-5f2ede5 e-flex e-con-boxed e-con e-parent\" data-id=\"5f2ede5\" data-element_type=\"container\" data-e-type=\"container\" data-settings=\"{&quot;background_background&quot;:&quot;classic&quot;}\">\n\t\t\t\t\t<div class=\"e-con-inner\">\n\t\t<div class=\"elementor-element elementor-element-5016f62 e-con-full e-flex e-con e-child\" data-id=\"5016f62\" data-element_type=\"container\" data-e-type=\"container\">\n\t\t\t\t<div class=\"elementor-element elementor-element-7a24852 elementor-widget elementor-widget-heading\" data-id=\"7a24852\" data-element_type=\"widget\" data-e-type=\"widget\" data-widget_type=\"heading.default\">\n\t\t\t\t\t<h1 class=\"elementor-heading-title elementor-size-default\">The V\u00e9t\u00e9o Team<\/h1>\t\t\t\t<\/div>\n\t\t\t\t<\/div>\n\t\t<div class=\"elementor-element elementor-element-e6e82ec e-con-full e-flex e-con e-child\" data-id=\"e6e82ec\" data-element_type=\"container\" data-e-type=\"container\">\n\t\t<div class=\"elementor-element elementor-element-77de91a e-con-full e-flex e-con e-child\" data-id=\"77de91a\" data-element_type=\"container\" data-e-type=\"container\" data-settings=\"{&quot;background_background&quot;:&quot;classic&quot;}\">\n\t\t\t\t<\/div>\n\t\t<div class=\"elementor-element elementor-element-381efd9 e-con-full e-flex e-con e-child\" data-id=\"381efd9\" data-element_type=\"container\" data-e-type=\"container\">\n\t\t\t\t<div class=\"elementor-element elementor-element-1ff0554 elementor-widget elementor-widget-heading\" data-id=\"1ff0554\" data-element_type=\"widget\" data-e-type=\"widget\" data-widget_type=\"heading.default\">\n\t\t\t\t\t<h2 class=\"elementor-heading-title elementor-size-default\">Th\u00e9o Decalf<\/h2>\t\t\t\t<\/div>\n\t\t\t\t<div class=\"elementor-element elementor-element-6c57da9 elementor-widget elementor-widget-heading\" data-id=\"6c57da9\" data-element_type=\"widget\" data-e-type=\"widget\" data-widget_type=\"heading.default\">\n\t\t\t\t\t<h3 class=\"elementor-heading-title elementor-size-default\">Veterinary surgeon and founder<\/h3>\t\t\t\t<\/div>\n\t\t\t\t<div class=\"elementor-element elementor-element-7cae141 elementor-widget elementor-widget-text-editor\" data-id=\"7cae141\" data-element_type=\"widget\" data-e-type=\"widget\" data-widget_type=\"text-editor.default\">\n\t\t\t\t\t\t\t\t\t<p>Doctor of Veterinary Medicine since 2019, I practised in Belgium, Normandy and finally Switzerland.<\/p><p>I am first and foremost a doctor and general veterinary surgeon, and obtained additional certification in <a href=\"https:\/\/veteovet.ch\/en\/services\/general-care\/#cardiologie\"><strong style=\"color: #1a375c;\">cardiology<\/strong><\/a> in 2024-2025.<\/p><p>My favourite areas are <a href=\"https:\/\/veteovet.ch\/en\/services\/general-care\/\"><strong style=\"color: #1a375c;\">general medicine<\/strong><\/a>, <a href=\"https:\/\/veteovet.ch\/en\/services\/general-care\/#cardiologie\"><strong style=\"color: #1a375c;\">cardiology<\/strong><\/a>, <a href=\"https:\/\/veteovet.ch\/en\/services\/general-care\/#douleur\"><strong style=\"color: #1a375c;\">pain management<\/strong><\/a>, <a href=\"https:\/\/veteovet.ch\/en\/services\/general-care\/#nutrition\"><strong style=\"color: #1a375c;\">nutrition<\/strong><\/a> and <a href=\"https:\/\/veteovet.ch\/en\/services\/dentistry\/\"><strong style=\"color: #1a375c;\">dentistry<\/strong><\/a>.<\/p><p class=\"translation-block\">I am a passionate veterinarian doing a passionate job. I value taking the time to be with you and your companions, and above all, taking the time to <strong style=\"color: #1a375c\">explain<\/strong>, making every medical procedure <strong style=\"color: #1a375c\">clear<\/strong> and <strong style=\"color: #1a375c\">easy to understand<\/strong>.<\/p><p class=\"translation-block\">That is why I decided to found <strong style=\"color: #d59d4c\">V\u00e9t\u00e9o<\/strong> in 2025: to practise my profession with the greatest <strong style=\"color: #1a375c\">freedom<\/strong>, in a setting that truly reflects who I am.<\/p><p class=\"translation-block\">I share my life with <strong style=\"color: #d59d4c\">Moon<\/strong>, a dog who was once paraplegic and who completed all her <strong style=\"color: #1a375c\">rehabilitation<\/strong> in our beautiful Swiss mountains.<\/p><p class=\"translation-block\"><strong style=\"color: #1a375c\">Music<\/strong> also holds an essential place in my life. It\u2019s one of the reasons why this <strong style=\"color: #1a375c\">building<\/strong>, rooted in the musical history of the 20th century, resonated with me from the very first visit.<\/p><p class=\"translation-block\">Whether we already <strong style=\"color: #1a375c\">know each other<\/strong> or you are <strong style=\"color: #1a375c\">meeting me for the first time<\/strong>, I will be glad to welcome you and <strong style=\"color: #1a375c\">care for<\/strong> your companions.<\/p><p><strong style=\"color: #1a375c;\">See you soon!<\/strong><\/p>\t\t\t\t\t\t\t\t<\/div>\n\t\t\t\t<\/div>\n\t\t\t\t<\/div>\n\t\t<div class=\"elementor-element elementor-element-f83e69b e-con-full e-flex e-con e-child\" data-id=\"f83e69b\" data-element_type=\"container\" data-e-type=\"container\">\n\t\t\t\t<div class=\"elementor-element elementor-element-33f3739 elementor-widget elementor-widget-spacer\" data-id=\"33f3739\" data-element_type=\"widget\" data-e-type=\"widget\" data-widget_type=\"spacer.default\">\n\t\t\t\t\t\t\t<div class=\"elementor-spacer\">\n\t\t\t<div class=\"elementor-spacer-inner\"><\/div>\n\t\t<\/div>\n\t\t\t\t\t\t<\/div>\n\t\t\t\t<div class=\"elementor-element elementor-element-3b66a80 elementor-widget-divider--separator-type-pattern elementor-widget-divider--no-spacing elementor-widget-divider--view-line elementor-widget elementor-widget-divider\" data-id=\"3b66a80\" data-element_type=\"widget\" data-e-type=\"widget\" data-widget_type=\"divider.default\">\n\t\t\t\t\t\t\t<div class=\"elementor-divider\" style=\"--divider-pattern-url: url(&quot;data:image\/svg+xml,%3Csvg xmlns=&#039;http:\/\/www.w3.org\/2000\/svg&#039; preserveAspectRatio=&#039;xMidYMid meet&#039; overflow=&#039;visible&#039; height=&#039;100%&#039; viewBox=&#039;0 0 126 26&#039; fill=&#039;black&#039; stroke=&#039;none&#039;%3E%3Cpath d=&#039;M46.8,7.8v11.5L36,18.6V7.8H46.8z M82.4,7.8L84,18.6l-12,0.7L70.4,7.8H82.4z M0,7.8l12,0.9v9.9H1.3L0,7.8z M30,7.8v10.8H19L18,7.8H30z M63.7,7.8L66,18.6H54V9.5L63.7,7.8z M89.8,7L102,7.8v10.8H91.2L89.8,7zM108,7.8l12,0.9v8.9l-12,1V7.8z&#039;\/%3E%3C\/svg%3E&quot;);\">\n\t\t\t<span class=\"elementor-divider-separator\">\n\t\t\t\t\t\t<\/span>\n\t\t<\/div>\n\t\t\t\t\t\t<\/div>\n\t\t\t\t<\/div>\n\t\t<div class=\"elementor-element elementor-element-9e7b2be e-con-full e-flex e-con e-child\" data-id=\"9e7b2be\" data-element_type=\"container\" data-e-type=\"container\">\n\t\t<div class=\"elementor-element elementor-element-09d5f5b e-con-full e-flex e-con e-child\" data-id=\"09d5f5b\" data-element_type=\"container\" data-e-type=\"container\">\n\t\t\t\t<div class=\"elementor-element elementor-element-b9373b6 elementor-widget elementor-widget-heading\" data-id=\"b9373b6\" data-element_type=\"widget\" data-e-type=\"widget\" data-widget_type=\"heading.default\">\n\t\t\t\t\t<h2 class=\"elementor-heading-title elementor-size-default\">Ir\u00e8ne<\/h2>\t\t\t\t<\/div>\n\t\t\t\t<div class=\"elementor-element elementor-element-89765b3 elementor-widget elementor-widget-heading\" data-id=\"89765b3\" data-element_type=\"widget\" data-e-type=\"widget\" data-widget_type=\"heading.default\">\n\t\t\t\t\t<h3 class=\"elementor-heading-title elementor-size-default\">Veterinary Nurse<\/h3>\t\t\t\t<\/div>\n\t\t\t\t<div class=\"elementor-element elementor-element-08125d4 elementor-widget elementor-widget-text-editor\" data-id=\"08125d4\" data-element_type=\"widget\" data-e-type=\"widget\" data-widget_type=\"text-editor.default\">\n\t\t\t\t\t\t\t\t\t<p class=\"translation-block\">Veterinary Nurse for ten years, I have worked in several clinics in the region, always looking for a place where I could build a <strong style=\"color: #1a375c\">strong bond<\/strong> with animals and their families.<\/p>\n\n<p class=\"translation-block\">I chose this profession out of <strong style=\"color: #1a375c\">passion<\/strong>, because animals have always held an important place in my life, especially <strong style=\"color: #1a375c\">cats<\/strong>.<\/p>\n\n<p class=\"translation-block\">More recently, I adopted <strong style=\"color: #d59d4c\">Lulu<\/strong> after he had been abandoned, a Pomeranian you may meet at the clinic... or rather hear, as he is very talkative! He reminds me every day of the <strong style=\"color: #1a375c\">commitment<\/strong> and <strong style=\"color: #1a375c\">responsibility<\/strong> that come with having an animal.<\/p>\n\n<p class=\"translation-block\">I decided to join the <strong style=\"color: #d59d4c\">V\u00e9t\u00e9o<\/strong> adventure from the very beginning to take part in creating a clinic that reflects who I am: <strong style=\"color: #1a375c\">independent<\/strong>, <strong style=\"color: #1a375c\">human<\/strong>, and dedicated to the <a href=\"https:\/\/veteovet.ch\/en\/clinic-values\/#valeurs\" target=\"_self\"><strong style=\"color: #1a375c\">well-being<\/strong><\/a> of animals.<\/p>\n\n<p class=\"translation-block\">On a daily basis, I enjoy <strong style=\"color: #1a375c\">welcoming<\/strong>, <strong style=\"color: #1a375c\">reassuring<\/strong>, and making sure your companions' visit to the clinic takes place in an atmosphere of <strong style=\"color: #1a375c\">trust<\/strong>. I also like to take the time with animals who may feel <strong style=\"color: #1a375c\">stressed<\/strong> about coming to see us.<\/p>\n\n<p class=\"translation-block\">Outside of work, I am also passionate about <strong style=\"color: #1a375c\">cinema<\/strong>, <strong style=\"color: #1a375c\">music<\/strong> and <strong style=\"color: #1a375c\">dance<\/strong>.<\/p>\n\n<p class=\"translation-block\">I look forward to welcoming you <strong style=\"color: #1a375c\">very soon<\/strong>!<\/p>\t\t\t\t\t\t\t\t<\/div>\n\t\t\t\t<\/div>\n\t\t<div class=\"elementor-element elementor-element-76e8a88 e-con-full e-flex e-con e-child\" data-id=\"76e8a88\" data-element_type=\"container\" data-e-type=\"container\" data-settings=\"{&quot;background_background&quot;:&quot;classic&quot;}\">\n\t\t\t\t<\/div>\n\t\t\t\t<\/div>\n\t\t<div class=\"elementor-element elementor-element-5f800d1 e-con-full e-flex e-con e-child\" data-id=\"5f800d1\" data-element_type=\"container\" data-e-type=\"container\">\n\t\t\t\t<div class=\"elementor-element elementor-element-86d81ad elementor-widget elementor-widget-spacer\" data-id=\"86d81ad\" data-element_type=\"widget\" data-e-type=\"widget\" data-widget_type=\"spacer.default\">\n\t\t\t\t\t\t\t<div class=\"elementor-spacer\">\n\t\t\t<div class=\"elementor-spacer-inner\"><\/div>\n\t\t<\/div>\n\t\t\t\t\t\t<\/div>\n\t\t\t\t<div class=\"elementor-element elementor-element-f944c04 elementor-widget-divider--separator-type-pattern elementor-widget-divider--no-spacing elementor-widget-divider--view-line elementor-widget elementor-widget-divider\" data-id=\"f944c04\" data-element_type=\"widget\" data-e-type=\"widget\" data-widget_type=\"divider.default\">\n\t\t\t\t\t\t\t<div class=\"elementor-divider\" style=\"--divider-pattern-url: url(&quot;data:image\/svg+xml,%3Csvg xmlns=&#039;http:\/\/www.w3.org\/2000\/svg&#039; preserveAspectRatio=&#039;xMidYMid meet&#039; overflow=&#039;visible&#039; height=&#039;100%&#039; viewBox=&#039;0 0 126 26&#039; fill=&#039;black&#039; stroke=&#039;none&#039;%3E%3Cpath d=&#039;M46.8,7.8v11.5L36,18.6V7.8H46.8z M82.4,7.8L84,18.6l-12,0.7L70.4,7.8H82.4z M0,7.8l12,0.9v9.9H1.3L0,7.8z M30,7.8v10.8H19L18,7.8H30z M63.7,7.8L66,18.6H54V9.5L63.7,7.8z M89.8,7L102,7.8v10.8H91.2L89.8,7zM108,7.8l12,0.9v8.9l-12,1V7.8z&#039;\/%3E%3C\/svg%3E&quot;);\">\n\t\t\t<span class=\"elementor-divider-separator\">\n\t\t\t\t\t\t<\/span>\n\t\t<\/div>\n\t\t\t\t\t\t<\/div>\n\t\t\t\t<\/div>\n\t\t<div class=\"elementor-element elementor-element-fb10802 e-con-full e-flex e-con e-child\" data-id=\"fb10802\" data-element_type=\"container\" data-e-type=\"container\">\n\t\t<div class=\"elementor-element elementor-element-123c30b e-con-full e-flex e-con e-child\" data-id=\"123c30b\" data-element_type=\"container\" data-e-type=\"container\" data-settings=\"{&quot;background_background&quot;:&quot;classic&quot;}\">\n\t\t\t\t<\/div>\n\t\t<div class=\"elementor-element elementor-element-f843127 e-con-full e-flex e-con e-child\" data-id=\"f843127\" data-element_type=\"container\" data-e-type=\"container\">\n\t\t\t\t<div class=\"elementor-element elementor-element-9b67a44 elementor-widget elementor-widget-heading\" data-id=\"9b67a44\" data-element_type=\"widget\" data-e-type=\"widget\" data-widget_type=\"heading.default\">\n\t\t\t\t\t<h2 class=\"elementor-heading-title elementor-size-default\">Moon<\/h2>\t\t\t\t<\/div>\n\t\t\t\t<div class=\"elementor-element elementor-element-7ebb615 elementor-widget elementor-widget-heading\" data-id=\"7ebb615\" data-element_type=\"widget\" data-e-type=\"widget\" data-widget_type=\"heading.default\">\n\t\t\t\t\t<h3 class=\"elementor-heading-title elementor-size-default\">V\u00e9t\u00e9o's mascot<\/h3>\t\t\t\t<\/div>\n\t\t\t\t<div class=\"elementor-element elementor-element-398f235 elementor-widget elementor-widget-text-editor\" data-id=\"398f235\" data-element_type=\"widget\" data-e-type=\"widget\" data-widget_type=\"text-editor.default\">\n\t\t\t\t\t\t\t\t\t<p class=\"translation-block\"><strong style=\"color: #d59d4c\">Moon<\/strong> is the dog you may occasionally <strong style=\"color: #1a375c\">meet<\/strong> in the waiting room. Originally from R\u00e9union Island, she was found <strong style=\"color: #1a375c\">wandering<\/strong> under a hedge before being adopted by Th\u00e9o in 2019.<\/p><p class=\"translation-block\">Following a <strong style=\"color: #1a375c\">road traffic accident<\/strong> that occurred after she was frightened by fireworks, Moon suffered a <strong style=\"color: #1a375c\">severe fracture<\/strong> of the seventh lumbar vertebra with major displacement. She was left completely <strong style=\"color: #1a375c\">paraplegic<\/strong>, with a very poor prognosis for recovery.<\/p><p class=\"translation-block\">A <strong style=\"color: #1a375c\">surgical procedure<\/strong> was nevertheless attempted in Normandy by an orthopaedic specialist, followed by many months of <strong style=\"color: #1a375c\">rehabilitation<\/strong> carried out by Th\u00e9o himself, including physiotherapy, laser therapy, a cart and electrostimulation. Against all expectations, Moon gradually regained <strong style=\"color: #1a375c\">motor function<\/strong>. After moving to Switzerland, I continued her <strong style=\"color: #1a375c\">rehabilitation<\/strong> on a daily basis, through exercises carried out in the magnificent <strong style=\"color: #1a375c\">mountains<\/strong> of the region.<\/p><p class=\"translation-block\">Today, her recovery is almost <strong style=\"color: #1a375c\">complete<\/strong>. Moon does, however, remain <strong style=\"color: #1a375c\">incontinent<\/strong>, so please be aware: if she is very <strong style=\"color: #1a375c\">happy<\/strong> to see you, she may sometimes show it in a very spontaneous way.<\/p>\t\t\t\t\t\t\t\t<\/div>\n\t\t\t\t<\/div>\n\t\t\t\t<\/div>\n\t\t<div class=\"elementor-element elementor-element-95a4cdf e-con-full e-flex e-con e-child\" data-id=\"95a4cdf\" data-element_type=\"container\" data-e-type=\"container\">\n\t\t\t\t<div class=\"elementor-element elementor-element-504464d elementor-widget elementor-widget-spacer\" data-id=\"504464d\" data-element_type=\"widget\" data-e-type=\"widget\" data-widget_type=\"spacer.default\">\n\t\t\t\t\t\t\t<div class=\"elementor-spacer\">\n\t\t\t<div class=\"elementor-spacer-inner\"><\/div>\n\t\t<\/div>\n\t\t\t\t\t\t<\/div>\n\t\t\t\t<div class=\"elementor-element elementor-element-ab0009e elementor-widget-divider--separator-type-pattern elementor-widget-divider--no-spacing elementor-widget-divider--view-line elementor-widget elementor-widget-divider\" data-id=\"ab0009e\" data-element_type=\"widget\" data-e-type=\"widget\" data-widget_type=\"divider.default\">\n\t\t\t\t\t\t\t<div class=\"elementor-divider\" style=\"--divider-pattern-url: url(&quot;data:image\/svg+xml,%3Csvg xmlns=&#039;http:\/\/www.w3.org\/2000\/svg&#039; preserveAspectRatio=&#039;xMidYMid meet&#039; overflow=&#039;visible&#039; height=&#039;100%&#039; viewBox=&#039;0 0 126 26&#039; fill=&#039;black&#039; stroke=&#039;none&#039;%3E%3Cpath d=&#039;M46.8,7.8v11.5L36,18.6V7.8H46.8z M82.4,7.8L84,18.6l-12,0.7L70.4,7.8H82.4z M0,7.8l12,0.9v9.9H1.3L0,7.8z M30,7.8v10.8H19L18,7.8H30z M63.7,7.8L66,18.6H54V9.5L63.7,7.8z M89.8,7L102,7.8v10.8H91.2L89.8,7zM108,7.8l12,0.9v8.9l-12,1V7.8z&#039;\/%3E%3C\/svg%3E&quot;);\">\n\t\t\t<span class=\"elementor-divider-separator\">\n\t\t\t\t\t\t<\/span>\n\t\t<\/div>\n\t\t\t\t\t\t<\/div>\n\t\t\t\t<\/div>\n\t\t<div class=\"elementor-element elementor-element-e29e87a e-con-full e-flex e-con e-child\" data-id=\"e29e87a\" data-element_type=\"container\" data-e-type=\"container\">\n\t\t<div class=\"elementor-element elementor-element-724d942 e-con-full e-flex e-con e-child\" data-id=\"724d942\" data-element_type=\"container\" data-e-type=\"container\">\n\t\t\t\t<div class=\"elementor-element elementor-element-f691ec0 elementor-widget elementor-widget-heading\" data-id=\"f691ec0\" data-element_type=\"widget\" data-e-type=\"widget\" data-widget_type=\"heading.default\">\n\t\t\t\t\t<h2 class=\"elementor-heading-title elementor-size-default\">Lucky<\/h2>\t\t\t\t<\/div>\n\t\t\t\t<div class=\"elementor-element elementor-element-f1ce3ae elementor-widget elementor-widget-heading\" data-id=\"f1ce3ae\" data-element_type=\"widget\" data-e-type=\"widget\" data-widget_type=\"heading.default\">\n\t\t\t\t\t<h3 class=\"elementor-heading-title elementor-size-default\">V\u00e9t\u00e9o's little white fluffball<\/h3>\t\t\t\t<\/div>\n\t\t\t\t<div class=\"elementor-element elementor-element-f1b1c9e elementor-widget elementor-widget-text-editor\" data-id=\"f1b1c9e\" data-element_type=\"widget\" data-e-type=\"widget\" data-widget_type=\"text-editor.default\">\n\t\t\t\t\t\t\t\t\t<p class=\"translation-block\"><strong style=\"color: #d59d4c\">Lucky<\/strong> (known as Lulu) is the little Pomeranian you may sometimes <strong style=\"color: #1a375c\">come across<\/strong> at the clinic... or rather hear. Adopted by Ir\u00e8ne in 2024 following an <strong style=\"color: #1a375c\">abandonment<\/strong>, he had a difficult start in life.<\/p>\n\n<p class=\"translation-block\">He developed severe <strong style=\"color: #1a375c\">bone problems<\/strong>, first affecting one front leg and, a few years later, the second. He now lives with a <strong style=\"color: #1a375c\">surgical pin<\/strong> in his right leg and one <strong style=\"color: #1a375c\">bone missing<\/strong> in his left leg!<\/p>\n\n<p class=\"translation-block\">Ir\u00e8ne chose to take responsibility for this little dog to give him a more <strong style=\"color: #1a375c\">comfortable<\/strong> life and ensure he received the <strong style=\"color: #1a375c\">care<\/strong> he needed.<\/p>\n\n<p class=\"translation-block\">Despite a sometimes <strong style=\"color: #1a375c\">stubborn<\/strong> character and a very strong tendency to express himself through <strong style=\"color: #1a375c\">barking<\/strong>, Lucky is a true little ball of <strong style=\"color: #1a375c\">love<\/strong> who always ends up melting hearts.<\/p>\n\n<p>If you happen to see him often enough at the clinic, you might even become friends with him... \ud83d\ude09<\/p>\t\t\t\t\t\t\t\t<\/div>\n\t\t\t\t<\/div>\n\t\t<div class=\"elementor-element elementor-element-8086c64 e-con-full e-transform e-flex e-con e-child\" data-id=\"8086c64\" data-element_type=\"container\" data-e-type=\"container\" data-settings=\"{&quot;background_background&quot;:&quot;classic&quot;,&quot;_transform_flipX_effect&quot;:&quot;transform&quot;}\">\n\t\t\t\t<\/div>\n\t\t\t\t<\/div>\n\t\t<div class=\"elementor-element elementor-element-85b2f68 e-con-full e-flex e-con e-child\" data-id=\"85b2f68\" data-element_type=\"container\" data-e-type=\"container\">\n\t\t\t\t<div class=\"elementor-element elementor-element-8208403 elementor-widget elementor-widget-spacer\" data-id=\"8208403\" data-element_type=\"widget\" data-e-type=\"widget\" data-widget_type=\"spacer.default\">\n\t\t\t\t\t\t\t<div class=\"elementor-spacer\">\n\t\t\t<div class=\"elementor-spacer-inner\"><\/div>\n\t\t<\/div>\n\t\t\t\t\t\t<\/div>\n\t\t\t\t<div class=\"elementor-element elementor-element-f601c5e elementor-widget-divider--separator-type-pattern elementor-widget-divider--no-spacing elementor-widget-divider--view-line elementor-widget elementor-widget-divider\" data-id=\"f601c5e\" data-element_type=\"widget\" data-e-type=\"widget\" data-widget_type=\"divider.default\">\n\t\t\t\t\t\t\t<div class=\"elementor-divider\" style=\"--divider-pattern-url: url(&quot;data:image\/svg+xml,%3Csvg xmlns=&#039;http:\/\/www.w3.org\/2000\/svg&#039; preserveAspectRatio=&#039;xMidYMid meet&#039; overflow=&#039;visible&#039; height=&#039;100%&#039; viewBox=&#039;0 0 126 26&#039; fill=&#039;black&#039; stroke=&#039;none&#039;%3E%3Cpath d=&#039;M46.8,7.8v11.5L36,18.6V7.8H46.8z M82.4,7.8L84,18.6l-12,0.7L70.4,7.8H82.4z M0,7.8l12,0.9v9.9H1.3L0,7.8z M30,7.8v10.8H19L18,7.8H30z M63.7,7.8L66,18.6H54V9.5L63.7,7.8z M89.8,7L102,7.8v10.8H91.2L89.8,7zM108,7.8l12,0.9v8.9l-12,1V7.8z&#039;\/%3E%3C\/svg%3E&quot;);\">\n\t\t\t<span class=\"elementor-divider-separator\">\n\t\t\t\t\t\t<\/span>\n\t\t<\/div>\n\t\t\t\t\t\t<\/div>\n\t\t\t\t<\/div>\n\t\t\t\t\t<\/div>\n\t\t\t\t<\/div>\n\t\t\t\t<\/div>","protected":false},"excerpt":{"rendered":"<p>L&rsquo;\u00c9quipe V\u00e9t\u00e9o Th\u00e9o Decalf V\u00e9t\u00e9rinaire et fondateur Docteur en M\u00e9decine V\u00e9t\u00e9rinaire depuis 2019, j&rsquo;ai exerc\u00e9 en Belgique, en Normandie puis enfin en Suisse. Je suis avant tout m\u00e9decin et chirurgien g\u00e9n\u00e9raliste, et j&rsquo;ai compl\u00e9t\u00e9 ma formation par une certification en cardiologie entre 2024 et 2025. Mes domaines de pr\u00e9dilection sont la m\u00e9decine g\u00e9n\u00e9rale, la cardiologie, [&hellip;]<\/p>\n","protected":false},"author":1,"featured_media":0,"parent":0,"menu_order":0,"comment_status":"closed","ping_status":"closed","template":"","meta":{"footnotes":""},"class_list":["post-83","page","type-page","status-publish","hentry"],"jetpack_sharing_enabled":true,"_links":{"self":[{"href":"https:\/\/veteovet.ch\/en\/wp-json\/wp\/v2\/pages\/83","targetHints":{"allow":["GET"]}}],"collection":[{"href":"https:\/\/veteovet.ch\/en\/wp-json\/wp\/v2\/pages"}],"about":[{"href":"https:\/\/veteovet.ch\/en\/wp-json\/wp\/v2\/types\/page"}],"author":[{"embeddable":true,"href":"https:\/\/veteovet.ch\/en\/wp-json\/wp\/v2\/users\/1"}],"replies":[{"embeddable":true,"href":"https:\/\/veteovet.ch\/en\/wp-json\/wp\/v2\/comments?post=83"}],"version-history":[{"count":117,"href":"https:\/\/veteovet.ch\/en\/wp-json\/wp\/v2\/pages\/83\/revisions"}],"predecessor-version":[{"id":3713,"href":"https:\/\/veteovet.ch\/en\/wp-json\/wp\/v2\/pages\/83\/revisions\/3713"}],"wp:attachment":[{"href":"https:\/\/veteovet.ch\/en\/wp-json\/wp\/v2\/media?parent=83"}],"curies":[{"name":"wp","href":"https:\/\/api.w.org\/{rel}","templated":true}]}}